{"id":6281,"date":"2021-09-15T11:50:16","date_gmt":"2021-09-15T09:50:16","guid":{"rendered":"https:\/\/laatuvalo.fi\/product\/brow\/"},"modified":"2023-04-18T12:53:26","modified_gmt":"2023-04-18T10:53:26","slug":"brow","status":"publish","type":"product","link":"https:\/\/laatuvalo.fi\/en\/product\/brow\/","title":{"rendered":"BROW"},"content":{"rendered":"<p>Py\u00f6re\u00e4, minimalistinen, mutta tyylik\u00e4s sein\u00e4valaisin ulkovalaistukseen, sopii jokaiseen julkisiivun. Toimi loistavasti merkkivalonakin, ulkosein\u00e4lle matalalle asennettuna. T\u00e4m\u00e4 sein\u00e4valaisin on IP 44 sertifioitu, ja se on t\u00e4ydellinen koristevalaistukseen puutarhoissa ja terasseilla.<\/p>","protected":false},"excerpt":{"rendered":"<p>SEIN\u00c4VALAISIN LED 3000K IP 44<\/p>","protected":false},"featured_media":12223,"template":"","meta":{"iawp_total_views":1},"product_brand":[],"product_cat":[268],"product_tag":[166],"tarvikkeet_name":[],"brand_product":[230],"class_list":{"0":"post-6281","1":"product","2":"type-product","3":"status-publish","4":"has-post-thumbnail","6":"product_cat-seinavalaisin","7":"product_tag-wall-lamp","8":"brand_product-faro-barcelona","10":"first","11":"instock","12":"taxable","13":"shipping-taxable","14":"purchasable","15":"product-type-variable"},"_links":{"self":[{"href":"https:\/\/laatuvalo.fi\/en\/wp-json\/wp\/v2\/product\/6281","targetHints":{"allow":["GET"]}}],"collection":[{"href":"https:\/\/laatuvalo.fi\/en\/wp-json\/wp\/v2\/product"}],"about":[{"href":"https:\/\/laatuvalo.fi\/en\/wp-json\/wp\/v2\/types\/product"}],"version-history":[{"count":0,"href":"https:\/\/laatuvalo.fi\/en\/wp-json\/wp\/v2\/product\/6281\/revisions"}],"wp:featuredmedia":[{"embeddable":true,"href":"https:\/\/laatuvalo.fi\/en\/wp-json\/wp\/v2\/media\/12223"}],"wp:attachment":[{"href":"https:\/\/laatuvalo.fi\/en\/wp-json\/wp\/v2\/media?parent=6281"}],"wp:term":[{"taxonomy":"product_brand","embeddable":true,"href":"https:\/\/laatuvalo.fi\/en\/wp-json\/wp\/v2\/product_brand?post=6281"},{"taxonomy":"product_cat","embeddable":true,"href":"https:\/\/laatuvalo.fi\/en\/wp-json\/wp\/v2\/product_cat?post=6281"},{"taxonomy":"product_tag","embeddable":true,"href":"https:\/\/laatuvalo.fi\/en\/wp-json\/wp\/v2\/product_tag?post=6281"},{"taxonomy":"tarvikkeet_name","embeddable":true,"href":"https:\/\/laatuvalo.fi\/en\/wp-json\/wp\/v2\/tarvikkeet_name?post=6281"},{"taxonomy":"brand_product","embeddable":true,"href":"https:\/\/laatuvalo.fi\/en\/wp-json\/wp\/v2\/brand_product?post=6281"}],"curies":[{"name":"wp","href":"https:\/\/api.w.org\/{rel}","templated":true}]}}