{"id":6289,"date":"2021-09-15T11:50:16","date_gmt":"2021-09-15T09:50:16","guid":{"rendered":"https:\/\/laatuvalo.fi\/product\/bu-oh-3\/"},"modified":"2023-04-18T13:32:12","modified_gmt":"2023-04-18T11:32:12","slug":"bu-oh-pollarivalaisin","status":"publish","type":"product","link":"https:\/\/laatuvalo.fi\/en\/product\/bu-oh-pollarivalaisin\/","title":{"rendered":"BU-OH"},"content":{"rendered":"<p>BU-OH on designvalaisinkokoelma ulkovalaistukseen by Estudi Ribaud\u00ed. Tummanharmaa pollarivalaisimen muoto muistuttaa p\u00f6ll\u00f6\u00e4 joka pystyy k\u00e4\u00e4nt\u00e4\u00e4 p\u00e4\u00e4t\u00e4 360 asteetta, BU-OH valaisin valaisee edest\u00e4 ja takaa. Leikkisen muotoilun ansiosta valaisin on voittanut ensim\u00e4inen palkinto German Design Awards vuonna 2018.\u00a0 T\u00e4m\u00e4n pollarivalaisin on IP 65 sertifioitu, ja se on t\u00e4ydellinen valinta koristevalaistukseen puutarhoissa ja terasseilla. Siin\u00e4 on integroitu LED 12W l\u00e4mminvalo 3000K. Valaisin on saatavilla kahdessa koossa.<\/p>","protected":false},"excerpt":{"rendered":"<p>TUMMANHARMAA P\u00d6LL\u00d6N\u00c4K\u00d6INEN POLLARIVALAISIN 3000K<br \/>\nTutustu my\u00f6s sein\u00e4valaisimeen samasta sarjasta.<\/p>","protected":false},"featured_media":18062,"template":"","meta":{"iawp_total_views":1},"product_brand":[],"product_cat":[270],"product_tag":[182],"tarvikkeet_name":[],"brand_product":[230],"class_list":{"0":"post-6289","1":"product","2":"type-product","3":"status-publish","4":"has-post-thumbnail","6":"product_cat-pollarivalaisin","7":"product_tag-pole-lamps","8":"brand_product-faro-barcelona","10":"first","11":"instock","12":"taxable","13":"shipping-taxable","14":"purchasable","15":"product-type-variable"},"_links":{"self":[{"href":"https:\/\/laatuvalo.fi\/en\/wp-json\/wp\/v2\/product\/6289","targetHints":{"allow":["GET"]}}],"collection":[{"href":"https:\/\/laatuvalo.fi\/en\/wp-json\/wp\/v2\/product"}],"about":[{"href":"https:\/\/laatuvalo.fi\/en\/wp-json\/wp\/v2\/types\/product"}],"version-history":[{"count":0,"href":"https:\/\/laatuvalo.fi\/en\/wp-json\/wp\/v2\/product\/6289\/revisions"}],"wp:featuredmedia":[{"embeddable":true,"href":"https:\/\/laatuvalo.fi\/en\/wp-json\/wp\/v2\/media\/18062"}],"wp:attachment":[{"href":"https:\/\/laatuvalo.fi\/en\/wp-json\/wp\/v2\/media?parent=6289"}],"wp:term":[{"taxonomy":"product_brand","embeddable":true,"href":"https:\/\/laatuvalo.fi\/en\/wp-json\/wp\/v2\/product_brand?post=6289"},{"taxonomy":"product_cat","embeddable":true,"href":"https:\/\/laatuvalo.fi\/en\/wp-json\/wp\/v2\/product_cat?post=6289"},{"taxonomy":"product_tag","embeddable":true,"href":"https:\/\/laatuvalo.fi\/en\/wp-json\/wp\/v2\/product_tag?post=6289"},{"taxonomy":"tarvikkeet_name","embeddable":true,"href":"https:\/\/laatuvalo.fi\/en\/wp-json\/wp\/v2\/tarvikkeet_name?post=6289"},{"taxonomy":"brand_product","embeddable":true,"href":"https:\/\/laatuvalo.fi\/en\/wp-json\/wp\/v2\/brand_product?post=6289"}],"curies":[{"name":"wp","href":"https:\/\/api.w.org\/{rel}","templated":true}]}}