{"id":6299,"date":"2021-09-15T11:50:19","date_gmt":"2021-09-15T09:50:19","guid":{"rendered":"https:\/\/laatuvalo.fi\/product\/cast\/"},"modified":"2023-04-18T13:43:38","modified_gmt":"2023-04-18T11:43:38","slug":"cast","status":"publish","type":"product","link":"https:\/\/laatuvalo.fi\/en\/product\/cast\/","title":{"rendered":"CAST"},"content":{"rendered":"<p>CAST on sementist\u00e4 valmistettu pollarivalaisin. Se s\u00e4teilee l\u00e4mmint\u00e4 ja symmetrist\u00e4 valoa 3000K. T\u00e4m\u00e4n pollarivalaisin on IP 65 sertifioitu, ja se on t\u00e4ydellinen valinta opastus- ja koristevalaistukseen puutarhoissa, terasseilla ja kulkuv\u00e4ylill\u00e4.<\/p>","protected":false},"excerpt":{"rendered":"<p>MODERN BOLLARD LAMP MADE OF CONCRETE 3000K<\/p>","protected":false},"featured_media":18087,"template":"","meta":{"iawp_total_views":2},"product_brand":[],"product_cat":[270],"product_tag":[180],"tarvikkeet_name":[],"brand_product":[230],"class_list":{"0":"post-6299","1":"product","2":"type-product","3":"status-publish","4":"has-post-thumbnail","6":"product_cat-pollarivalaisin","7":"product_tag-bollards","8":"brand_product-faro-barcelona","10":"first","11":"instock","12":"taxable","13":"shipping-taxable","14":"purchasable","15":"product-type-variable"},"_links":{"self":[{"href":"https:\/\/laatuvalo.fi\/en\/wp-json\/wp\/v2\/product\/6299","targetHints":{"allow":["GET"]}}],"collection":[{"href":"https:\/\/laatuvalo.fi\/en\/wp-json\/wp\/v2\/product"}],"about":[{"href":"https:\/\/laatuvalo.fi\/en\/wp-json\/wp\/v2\/types\/product"}],"version-history":[{"count":0,"href":"https:\/\/laatuvalo.fi\/en\/wp-json\/wp\/v2\/product\/6299\/revisions"}],"wp:featuredmedia":[{"embeddable":true,"href":"https:\/\/laatuvalo.fi\/en\/wp-json\/wp\/v2\/media\/18087"}],"wp:attachment":[{"href":"https:\/\/laatuvalo.fi\/en\/wp-json\/wp\/v2\/media?parent=6299"}],"wp:term":[{"taxonomy":"product_brand","embeddable":true,"href":"https:\/\/laatuvalo.fi\/en\/wp-json\/wp\/v2\/product_brand?post=6299"},{"taxonomy":"product_cat","embeddable":true,"href":"https:\/\/laatuvalo.fi\/en\/wp-json\/wp\/v2\/product_cat?post=6299"},{"taxonomy":"product_tag","embeddable":true,"href":"https:\/\/laatuvalo.fi\/en\/wp-json\/wp\/v2\/product_tag?post=6299"},{"taxonomy":"tarvikkeet_name","embeddable":true,"href":"https:\/\/laatuvalo.fi\/en\/wp-json\/wp\/v2\/tarvikkeet_name?post=6299"},{"taxonomy":"brand_product","embeddable":true,"href":"https:\/\/laatuvalo.fi\/en\/wp-json\/wp\/v2\/brand_product?post=6299"}],"curies":[{"name":"wp","href":"https:\/\/api.w.org\/{rel}","templated":true}]}}