{"id":6309,"date":"2021-09-15T11:50:20","date_gmt":"2021-09-15T09:50:20","guid":{"rendered":"https:\/\/laatuvalo.fi\/product\/chandra\/"},"modified":"2023-04-18T13:48:48","modified_gmt":"2023-04-18T11:48:48","slug":"chandra","status":"publish","type":"product","link":"https:\/\/laatuvalo.fi\/en\/product\/chandra\/","title":{"rendered":"CHANDRA"},"content":{"rendered":"<p>LED-tekniikalla varustettu pollarivalaisin ulkovalaistukseen on valmistettu alumiinista ja siin\u00e4 on opaali heijastin. Antaa pehme\u00e4\u00e4 valoa alasp\u00e4in ja luo samalla kauniin valoefektin. Valonl\u00e4hde on COB LED 7W 3000K 195Lm. Se on t\u00e4ydellinen koristevalaistukseen puutarhoissa, kulkuv\u00e4ylilla ja terasseilla.<\/p>","protected":false},"excerpt":{"rendered":"<p>TUMMANHARMAA POLLARIVALAISIN ULKOK\u00c4YT\u00d6\u00d6N 3000K<\/p>","protected":false},"featured_media":18100,"template":"","meta":{"iawp_total_views":5},"product_brand":[],"product_cat":[270],"product_tag":[180],"tarvikkeet_name":[],"brand_product":[230],"class_list":{"0":"post-6309","1":"product","2":"type-product","3":"status-publish","4":"has-post-thumbnail","6":"product_cat-pollarivalaisin","7":"product_tag-bollards","8":"brand_product-faro-barcelona","10":"first","11":"instock","12":"taxable","13":"shipping-taxable","14":"purchasable","15":"product-type-simple"},"_links":{"self":[{"href":"https:\/\/laatuvalo.fi\/en\/wp-json\/wp\/v2\/product\/6309","targetHints":{"allow":["GET"]}}],"collection":[{"href":"https:\/\/laatuvalo.fi\/en\/wp-json\/wp\/v2\/product"}],"about":[{"href":"https:\/\/laatuvalo.fi\/en\/wp-json\/wp\/v2\/types\/product"}],"version-history":[{"count":0,"href":"https:\/\/laatuvalo.fi\/en\/wp-json\/wp\/v2\/product\/6309\/revisions"}],"wp:featuredmedia":[{"embeddable":true,"href":"https:\/\/laatuvalo.fi\/en\/wp-json\/wp\/v2\/media\/18100"}],"wp:attachment":[{"href":"https:\/\/laatuvalo.fi\/en\/wp-json\/wp\/v2\/media?parent=6309"}],"wp:term":[{"taxonomy":"product_brand","embeddable":true,"href":"https:\/\/laatuvalo.fi\/en\/wp-json\/wp\/v2\/product_brand?post=6309"},{"taxonomy":"product_cat","embeddable":true,"href":"https:\/\/laatuvalo.fi\/en\/wp-json\/wp\/v2\/product_cat?post=6309"},{"taxonomy":"product_tag","embeddable":true,"href":"https:\/\/laatuvalo.fi\/en\/wp-json\/wp\/v2\/product_tag?post=6309"},{"taxonomy":"tarvikkeet_name","embeddable":true,"href":"https:\/\/laatuvalo.fi\/en\/wp-json\/wp\/v2\/tarvikkeet_name?post=6309"},{"taxonomy":"brand_product","embeddable":true,"href":"https:\/\/laatuvalo.fi\/en\/wp-json\/wp\/v2\/brand_product?post=6309"}],"curies":[{"name":"wp","href":"https:\/\/api.w.org\/{rel}","templated":true}]}}