{"id":6316,"date":"2021-09-15T11:50:21","date_gmt":"2021-09-15T09:50:21","guid":{"rendered":"https:\/\/laatuvalo.fi\/product\/claire-2\/"},"modified":"2023-04-18T13:59:53","modified_gmt":"2023-04-18T11:59:53","slug":"claire","status":"publish","type":"product","link":"https:\/\/laatuvalo.fi\/en\/product\/claire\/","title":{"rendered":"CLAIRE"},"content":{"rendered":"<p>CLAIRE on sarja riippuvalaisimesta sis\u00e4valaistukseen. Sen muotoilu sai inspiraationsa kalastusaluksen valoista. T\u00e4m\u00e4 koristeellinen\u00a0 kattovalaisin on saatavilla vihre\u00e4n\u00e4 tai mustana. Valitse oma versio, jossa on 1, 3, 5 tai jopa 7 valonl\u00e4hdett\u00e4.<\/p>","protected":false},"excerpt":{"rendered":"<p>CLAIRE MUSTA RIIPPUVALAISIN 1, 3, 5 TAI JOPA\u00a0 7 VALONL\u00c4HTEELL\u00c4.<\/p>","protected":false},"featured_media":18122,"template":"","meta":{"iawp_total_views":4},"product_brand":[],"product_cat":[253],"product_tag":[168],"tarvikkeet_name":[],"brand_product":[230],"class_list":{"0":"post-6316","1":"product","2":"type-product","3":"status-publish","4":"has-post-thumbnail","6":"product_cat-riippuvalaisin","7":"product_tag-pendant","8":"brand_product-faro-barcelona","10":"first","11":"instock","12":"taxable","13":"shipping-taxable","14":"purchasable","15":"product-type-variable"},"_links":{"self":[{"href":"https:\/\/laatuvalo.fi\/en\/wp-json\/wp\/v2\/product\/6316","targetHints":{"allow":["GET"]}}],"collection":[{"href":"https:\/\/laatuvalo.fi\/en\/wp-json\/wp\/v2\/product"}],"about":[{"href":"https:\/\/laatuvalo.fi\/en\/wp-json\/wp\/v2\/types\/product"}],"version-history":[{"count":0,"href":"https:\/\/laatuvalo.fi\/en\/wp-json\/wp\/v2\/product\/6316\/revisions"}],"wp:featuredmedia":[{"embeddable":true,"href":"https:\/\/laatuvalo.fi\/en\/wp-json\/wp\/v2\/media\/18122"}],"wp:attachment":[{"href":"https:\/\/laatuvalo.fi\/en\/wp-json\/wp\/v2\/media?parent=6316"}],"wp:term":[{"taxonomy":"product_brand","embeddable":true,"href":"https:\/\/laatuvalo.fi\/en\/wp-json\/wp\/v2\/product_brand?post=6316"},{"taxonomy":"product_cat","embeddable":true,"href":"https:\/\/laatuvalo.fi\/en\/wp-json\/wp\/v2\/product_cat?post=6316"},{"taxonomy":"product_tag","embeddable":true,"href":"https:\/\/laatuvalo.fi\/en\/wp-json\/wp\/v2\/product_tag?post=6316"},{"taxonomy":"tarvikkeet_name","embeddable":true,"href":"https:\/\/laatuvalo.fi\/en\/wp-json\/wp\/v2\/tarvikkeet_name?post=6316"},{"taxonomy":"brand_product","embeddable":true,"href":"https:\/\/laatuvalo.fi\/en\/wp-json\/wp\/v2\/brand_product?post=6316"}],"curies":[{"name":"wp","href":"https:\/\/api.w.org\/{rel}","templated":true}]}}