{"id":6324,"date":"2021-09-15T11:50:22","date_gmt":"2021-09-15T09:50:22","guid":{"rendered":"https:\/\/laatuvalo.fi\/product\/clara-2\/"},"modified":"2023-04-19T12:22:36","modified_gmt":"2023-04-19T10:22:36","slug":"clara-riippuvalaisin","status":"publish","type":"product","link":"https:\/\/laatuvalo.fi\/en\/product\/clara-riippuvalaisin\/","title":{"rendered":"CLARA"},"content":{"rendered":"<p>CLARA on riippuvalaisin sis\u00e4valaistukseen. Sen moderni, hieman industriaalinen muotoilu sopii loistavasti sek\u00e4 kodin ett\u00e4 ravintoloiden ja hotellien sisustukseen. T\u00e4m\u00e4 koristeellinen lasinen riippuvalaisin on saatavilla eri kannan m\u00e4\u00e4r\u00e4ll\u00e4. Valitse oma versio, jossa on 1, 3, 5 tai jopa 7 valonl\u00e4hdett\u00e4.<\/p>","protected":false},"excerpt":{"rendered":"<p>L\u00c4PIN\u00c4KYV\u00c4 LASIPALLORIIPPUVALAISIN VAIHTOPOLTTIMOLLA<\/p>","protected":false},"featured_media":18135,"template":"","meta":{"iawp_total_views":5},"product_brand":[],"product_cat":[253],"product_tag":[168],"tarvikkeet_name":[],"brand_product":[230],"class_list":{"0":"post-6324","1":"product","2":"type-product","3":"status-publish","4":"has-post-thumbnail","6":"product_cat-riippuvalaisin","7":"product_tag-pendant","8":"brand_product-faro-barcelona","10":"first","11":"instock","12":"taxable","13":"shipping-taxable","14":"purchasable","15":"product-type-variable"},"_links":{"self":[{"href":"https:\/\/laatuvalo.fi\/en\/wp-json\/wp\/v2\/product\/6324","targetHints":{"allow":["GET"]}}],"collection":[{"href":"https:\/\/laatuvalo.fi\/en\/wp-json\/wp\/v2\/product"}],"about":[{"href":"https:\/\/laatuvalo.fi\/en\/wp-json\/wp\/v2\/types\/product"}],"version-history":[{"count":0,"href":"https:\/\/laatuvalo.fi\/en\/wp-json\/wp\/v2\/product\/6324\/revisions"}],"wp:featuredmedia":[{"embeddable":true,"href":"https:\/\/laatuvalo.fi\/en\/wp-json\/wp\/v2\/media\/18135"}],"wp:attachment":[{"href":"https:\/\/laatuvalo.fi\/en\/wp-json\/wp\/v2\/media?parent=6324"}],"wp:term":[{"taxonomy":"product_brand","embeddable":true,"href":"https:\/\/laatuvalo.fi\/en\/wp-json\/wp\/v2\/product_brand?post=6324"},{"taxonomy":"product_cat","embeddable":true,"href":"https:\/\/laatuvalo.fi\/en\/wp-json\/wp\/v2\/product_cat?post=6324"},{"taxonomy":"product_tag","embeddable":true,"href":"https:\/\/laatuvalo.fi\/en\/wp-json\/wp\/v2\/product_tag?post=6324"},{"taxonomy":"tarvikkeet_name","embeddable":true,"href":"https:\/\/laatuvalo.fi\/en\/wp-json\/wp\/v2\/tarvikkeet_name?post=6324"},{"taxonomy":"brand_product","embeddable":true,"href":"https:\/\/laatuvalo.fi\/en\/wp-json\/wp\/v2\/brand_product?post=6324"}],"curies":[{"name":"wp","href":"https:\/\/api.w.org\/{rel}","templated":true}]}}