{"id":6337,"date":"2021-09-15T11:50:25","date_gmt":"2021-09-15T09:50:25","guid":{"rendered":"https:\/\/laatuvalo.fi\/product\/coco-6\/"},"modified":"2023-04-19T13:06:26","modified_gmt":"2023-04-19T11:06:26","slug":"coco-l2","status":"publish","type":"product","link":"https:\/\/laatuvalo.fi\/en\/product\/coco-l2\/","title":{"rendered":"COCO 2L"},"content":{"rendered":"<p>COCO sarja sein\u00e4valaisimesta on eritt\u00e4in k\u00e4yt\u00e4nn\u00f6llinen ja tyylik\u00e4s. Sarjassa l\u00f6ytyy eri v\u00e4rej\u00e4 ja kokoja. T\u00e4m\u00e4 ter\u00e4ksest\u00e4 valmistettu sein\u00e4valaisin voidaan suunnata 350\u00ba vaaka-akselillaan ja 45\u00ba pystyakselillaan, joten se mukautuu ihanteellisesti jokaiseen tilaan ja tarpeeseen. Tutustu my\u00f6s yhden- ja kolmenpolttimoiden versioihin COCO 1L ja COCO 3L.<\/p>","protected":false},"excerpt":{"rendered":"<p>KOHDESEIN\u00c4VALAISIN VAIHTOPOLTTIMOLLA<br \/>\nTutustu my\u00f6s yhden ja kolmepolttimoiden versioihin COCO 1L ja COCO 3L.<\/p>","protected":false},"featured_media":18164,"template":"","meta":{"iawp_total_views":5},"product_brand":[],"product_cat":[268],"product_tag":[166],"tarvikkeet_name":[],"brand_product":[230],"class_list":{"0":"post-6337","1":"product","2":"type-product","3":"status-publish","4":"has-post-thumbnail","6":"product_cat-seinavalaisin","7":"product_tag-wall-lamp","8":"brand_product-faro-barcelona","10":"first","11":"instock","12":"taxable","13":"shipping-taxable","14":"purchasable","15":"product-type-variable"},"_links":{"self":[{"href":"https:\/\/laatuvalo.fi\/en\/wp-json\/wp\/v2\/product\/6337","targetHints":{"allow":["GET"]}}],"collection":[{"href":"https:\/\/laatuvalo.fi\/en\/wp-json\/wp\/v2\/product"}],"about":[{"href":"https:\/\/laatuvalo.fi\/en\/wp-json\/wp\/v2\/types\/product"}],"version-history":[{"count":0,"href":"https:\/\/laatuvalo.fi\/en\/wp-json\/wp\/v2\/product\/6337\/revisions"}],"wp:featuredmedia":[{"embeddable":true,"href":"https:\/\/laatuvalo.fi\/en\/wp-json\/wp\/v2\/media\/18164"}],"wp:attachment":[{"href":"https:\/\/laatuvalo.fi\/en\/wp-json\/wp\/v2\/media?parent=6337"}],"wp:term":[{"taxonomy":"product_brand","embeddable":true,"href":"https:\/\/laatuvalo.fi\/en\/wp-json\/wp\/v2\/product_brand?post=6337"},{"taxonomy":"product_cat","embeddable":true,"href":"https:\/\/laatuvalo.fi\/en\/wp-json\/wp\/v2\/product_cat?post=6337"},{"taxonomy":"product_tag","embeddable":true,"href":"https:\/\/laatuvalo.fi\/en\/wp-json\/wp\/v2\/product_tag?post=6337"},{"taxonomy":"tarvikkeet_name","embeddable":true,"href":"https:\/\/laatuvalo.fi\/en\/wp-json\/wp\/v2\/tarvikkeet_name?post=6337"},{"taxonomy":"brand_product","embeddable":true,"href":"https:\/\/laatuvalo.fi\/en\/wp-json\/wp\/v2\/brand_product?post=6337"}],"curies":[{"name":"wp","href":"https:\/\/api.w.org\/{rel}","templated":true}]}}