{"id":6347,"date":"2021-09-15T11:50:26","date_gmt":"2021-09-15T09:50:26","guid":{"rendered":"https:\/\/laatuvalo.fi\/product\/cocotte-8\/"},"modified":"2023-04-19T13:09:19","modified_gmt":"2023-04-19T11:09:19","slug":"cocotte","status":"publish","type":"product","link":"https:\/\/laatuvalo.fi\/en\/product\/cocotte\/","title":{"rendered":"COCOTTE"},"content":{"rendered":"<p>COCOTTE on Jordi Llopisin suunnittelema design-valaisin. Se on valmistettu metallista, ja siin\u00e4 on akryyliheijastin joka antaa pehme\u00e4\u00e4 runsasta valoa. Valaisin on saatavilla joko mustana tai valkoisena. Valonl\u00e4hde on yksi LED 42W 1700LM 3000K, integroitu runkoon. Sarjaan kuulu pinta-asennettava tai roikkuva malli. T\u00e4ydellinen sisustuselementti, joka ei ole vaan moderni ja tyylik\u00e4s, mutta hillitty ja ajaton valinta kotiisi.<\/p>","protected":false},"excerpt":{"rendered":"<p>LED-KATTOVALAISIN 3000K<br \/>\nPINTA-ASENNETTAVA TAI RIPUSTETTAVA, ERI KOKOJA<\/p>","protected":false},"featured_media":18186,"template":"","meta":{"iawp_total_views":7},"product_brand":[],"product_cat":[256,253],"product_tag":[169],"tarvikkeet_name":[],"brand_product":[230],"class_list":{"0":"post-6347","1":"product","2":"type-product","3":"status-publish","4":"has-post-thumbnail","6":"product_cat-kattovalaisin","7":"product_cat-riippuvalaisin","8":"product_tag-ceiling","9":"brand_product-faro-barcelona","11":"first","12":"instock","13":"taxable","14":"shipping-taxable","15":"purchasable","16":"product-type-variable"},"_links":{"self":[{"href":"https:\/\/laatuvalo.fi\/en\/wp-json\/wp\/v2\/product\/6347","targetHints":{"allow":["GET"]}}],"collection":[{"href":"https:\/\/laatuvalo.fi\/en\/wp-json\/wp\/v2\/product"}],"about":[{"href":"https:\/\/laatuvalo.fi\/en\/wp-json\/wp\/v2\/types\/product"}],"version-history":[{"count":0,"href":"https:\/\/laatuvalo.fi\/en\/wp-json\/wp\/v2\/product\/6347\/revisions"}],"wp:featuredmedia":[{"embeddable":true,"href":"https:\/\/laatuvalo.fi\/en\/wp-json\/wp\/v2\/media\/18186"}],"wp:attachment":[{"href":"https:\/\/laatuvalo.fi\/en\/wp-json\/wp\/v2\/media?parent=6347"}],"wp:term":[{"taxonomy":"product_brand","embeddable":true,"href":"https:\/\/laatuvalo.fi\/en\/wp-json\/wp\/v2\/product_brand?post=6347"},{"taxonomy":"product_cat","embeddable":true,"href":"https:\/\/laatuvalo.fi\/en\/wp-json\/wp\/v2\/product_cat?post=6347"},{"taxonomy":"product_tag","embeddable":true,"href":"https:\/\/laatuvalo.fi\/en\/wp-json\/wp\/v2\/product_tag?post=6347"},{"taxonomy":"tarvikkeet_name","embeddable":true,"href":"https:\/\/laatuvalo.fi\/en\/wp-json\/wp\/v2\/tarvikkeet_name?post=6347"},{"taxonomy":"brand_product","embeddable":true,"href":"https:\/\/laatuvalo.fi\/en\/wp-json\/wp\/v2\/brand_product?post=6347"}],"curies":[{"name":"wp","href":"https:\/\/api.w.org\/{rel}","templated":true}]}}