{"id":6355,"date":"2021-09-15T11:50:27","date_gmt":"2021-09-15T09:50:27","guid":{"rendered":"https:\/\/laatuvalo.fi\/product\/conga-8\/"},"modified":"2023-04-19T13:18:01","modified_gmt":"2023-04-19T11:18:01","slug":"conga-riipuvalaisin_3_5_7","status":"publish","type":"product","link":"https:\/\/laatuvalo.fi\/en\/product\/conga-riipuvalaisin_3_5_7\/","title":{"rendered":"CONGA 3L 5L 7L"},"content":{"rendered":"<p>CONGA on Faro Labin suunnittelema sisustusvalaisimien kokoelma. T\u00e4m\u00e4n riippuvalaisimen tekstiilivarjostin on saatavilla kolmessa eri v\u00e4riss\u00e4, ja sen yksikertaisen mutta elegantin ulkon\u00e4\u00f6n ansiota se sopii loistavasti valaisemaan makuuhuoneita ja olohuoneita sek\u00e4 kodissa ett\u00e4 hotellissa. Tutustu my\u00f6s sein\u00e4- p\u00f6yt\u00e4- ja lattiavalaisimeen samasta CONGA sarjasta.<\/p>","protected":false},"excerpt":{"rendered":"<p>PENDANT LAMP \u00f850 cm<br \/>\nIN DIFFERENT COLORS AND QUANTITIES OF SHADES.<br \/>\nSaatavilla my\u00f6s CONGA riippuvalaisin yhdella varjostimella.<\/p>","protected":false},"featured_media":18230,"template":"","meta":{"iawp_total_views":3},"product_brand":[],"product_cat":[253],"product_tag":[167],"tarvikkeet_name":[],"brand_product":[230],"class_list":{"0":"post-6355","1":"product","2":"type-product","3":"status-publish","4":"has-post-thumbnail","6":"product_cat-riippuvalaisin","7":"product_tag-table-and-floor-lamps","8":"brand_product-faro-barcelona","10":"first","11":"instock","12":"taxable","13":"shipping-taxable","14":"purchasable","15":"product-type-variable"},"_links":{"self":[{"href":"https:\/\/laatuvalo.fi\/en\/wp-json\/wp\/v2\/product\/6355","targetHints":{"allow":["GET"]}}],"collection":[{"href":"https:\/\/laatuvalo.fi\/en\/wp-json\/wp\/v2\/product"}],"about":[{"href":"https:\/\/laatuvalo.fi\/en\/wp-json\/wp\/v2\/types\/product"}],"version-history":[{"count":0,"href":"https:\/\/laatuvalo.fi\/en\/wp-json\/wp\/v2\/product\/6355\/revisions"}],"wp:featuredmedia":[{"embeddable":true,"href":"https:\/\/laatuvalo.fi\/en\/wp-json\/wp\/v2\/media\/18230"}],"wp:attachment":[{"href":"https:\/\/laatuvalo.fi\/en\/wp-json\/wp\/v2\/media?parent=6355"}],"wp:term":[{"taxonomy":"product_brand","embeddable":true,"href":"https:\/\/laatuvalo.fi\/en\/wp-json\/wp\/v2\/product_brand?post=6355"},{"taxonomy":"product_cat","embeddable":true,"href":"https:\/\/laatuvalo.fi\/en\/wp-json\/wp\/v2\/product_cat?post=6355"},{"taxonomy":"product_tag","embeddable":true,"href":"https:\/\/laatuvalo.fi\/en\/wp-json\/wp\/v2\/product_tag?post=6355"},{"taxonomy":"tarvikkeet_name","embeddable":true,"href":"https:\/\/laatuvalo.fi\/en\/wp-json\/wp\/v2\/tarvikkeet_name?post=6355"},{"taxonomy":"brand_product","embeddable":true,"href":"https:\/\/laatuvalo.fi\/en\/wp-json\/wp\/v2\/brand_product?post=6355"}],"curies":[{"name":"wp","href":"https:\/\/api.w.org\/{rel}","templated":true}]}}