{"id":6365,"date":"2021-09-15T11:50:29","date_gmt":"2021-09-15T09:50:29","guid":{"rendered":"https:\/\/laatuvalo.fi\/product\/conga-18\/"},"modified":"2023-04-19T13:17:50","modified_gmt":"2023-04-19T11:17:50","slug":"conga-table_lamp","status":"publish","type":"product","link":"https:\/\/laatuvalo.fi\/en\/product\/conga-table_lamp\/","title":{"rendered":"CONGA TABLE LAMP"},"content":{"rendered":"<p>CONGA on Faro Labin suunnittelema sisustusvalaisimien kokoelma. T\u00e4m\u00e4n p\u00f6yt\u00e4valaisimen tekstiilivarjostin on saatavilla kolmessa eri v\u00e4riss\u00e4, ja sen yksikertaisen mutta elegantin ulkon\u00e4\u00f6n ansiota se sopii loistavasti valaisemaan makuuhuoneita ja olohuoneita sek\u00e4 kodissa ett\u00e4 hotellissa. Tutustu my\u00f6s sein\u00e4- lattia- ja kattovalaisimiin samasta CONGA sarjasta.<\/p>","protected":false},"excerpt":{"rendered":"<p>TABLE LAMP IN THREE DIFFERENT COLORS<br \/>\nAlso check out the wall, floor and ceiling lamps from the same CONGA series.<\/p>","protected":false},"featured_media":18254,"template":"","meta":{"iawp_total_views":1},"product_brand":[],"product_cat":[264],"product_tag":[167],"tarvikkeet_name":[],"brand_product":[230],"class_list":{"0":"post-6365","1":"product","2":"type-product","3":"status-publish","4":"has-post-thumbnail","6":"product_cat-poytavalaisimet","7":"product_tag-table-and-floor-lamps","8":"brand_product-faro-barcelona","10":"first","11":"instock","12":"taxable","13":"shipping-taxable","14":"purchasable","15":"product-type-variable"},"_links":{"self":[{"href":"https:\/\/laatuvalo.fi\/en\/wp-json\/wp\/v2\/product\/6365","targetHints":{"allow":["GET"]}}],"collection":[{"href":"https:\/\/laatuvalo.fi\/en\/wp-json\/wp\/v2\/product"}],"about":[{"href":"https:\/\/laatuvalo.fi\/en\/wp-json\/wp\/v2\/types\/product"}],"version-history":[{"count":0,"href":"https:\/\/laatuvalo.fi\/en\/wp-json\/wp\/v2\/product\/6365\/revisions"}],"wp:featuredmedia":[{"embeddable":true,"href":"https:\/\/laatuvalo.fi\/en\/wp-json\/wp\/v2\/media\/18254"}],"wp:attachment":[{"href":"https:\/\/laatuvalo.fi\/en\/wp-json\/wp\/v2\/media?parent=6365"}],"wp:term":[{"taxonomy":"product_brand","embeddable":true,"href":"https:\/\/laatuvalo.fi\/en\/wp-json\/wp\/v2\/product_brand?post=6365"},{"taxonomy":"product_cat","embeddable":true,"href":"https:\/\/laatuvalo.fi\/en\/wp-json\/wp\/v2\/product_cat?post=6365"},{"taxonomy":"product_tag","embeddable":true,"href":"https:\/\/laatuvalo.fi\/en\/wp-json\/wp\/v2\/product_tag?post=6365"},{"taxonomy":"tarvikkeet_name","embeddable":true,"href":"https:\/\/laatuvalo.fi\/en\/wp-json\/wp\/v2\/tarvikkeet_name?post=6365"},{"taxonomy":"brand_product","embeddable":true,"href":"https:\/\/laatuvalo.fi\/en\/wp-json\/wp\/v2\/brand_product?post=6365"}],"curies":[{"name":"wp","href":"https:\/\/api.w.org\/{rel}","templated":true}]}}