{"id":6372,"date":"2021-09-15T11:50:30","date_gmt":"2021-09-15T09:50:30","guid":{"rendered":"https:\/\/laatuvalo.fi\/product\/corb-2\/"},"modified":"2023-04-19T13:20:59","modified_gmt":"2023-04-19T11:20:59","slug":"corb","status":"publish","type":"product","link":"https:\/\/laatuvalo.fi\/en\/product\/corb\/","title":{"rendered":"CORB"},"content":{"rendered":"<p>CORB on moderni ja eritt\u00e4in k\u00e4yt\u00e4nn\u00f6llinen sein\u00e4valaisin, se ei ole pelk\u00e4st\u00e4\u00e4n toimiva lukuvalo, joka saa suunnattaa ja pystyt lataamaan k\u00e4nnykk\u00e4. T\u00e4m\u00e4 metalista valmistettu sein\u00e4valaisin mukautuu ihanteellisesti jokaiseen makuhuonesisustukseen sek\u00e4 kodissa ett\u00e4 hotellissa.<\/p>","protected":false},"excerpt":{"rendered":"<p>SEIN\u00c4VALAISIN USB &#8211; LATURI INTEGROITU<\/p>","protected":false},"featured_media":18261,"template":"","meta":{"iawp_total_views":2},"product_brand":[],"product_cat":[268],"product_tag":[166],"tarvikkeet_name":[],"brand_product":[230],"class_list":{"0":"post-6372","1":"product","2":"type-product","3":"status-publish","4":"has-post-thumbnail","6":"product_cat-seinavalaisin","7":"product_tag-wall-lamp","8":"brand_product-faro-barcelona","10":"first","11":"instock","12":"taxable","13":"shipping-taxable","14":"purchasable","15":"product-type-variable"},"_links":{"self":[{"href":"https:\/\/laatuvalo.fi\/en\/wp-json\/wp\/v2\/product\/6372","targetHints":{"allow":["GET"]}}],"collection":[{"href":"https:\/\/laatuvalo.fi\/en\/wp-json\/wp\/v2\/product"}],"about":[{"href":"https:\/\/laatuvalo.fi\/en\/wp-json\/wp\/v2\/types\/product"}],"version-history":[{"count":0,"href":"https:\/\/laatuvalo.fi\/en\/wp-json\/wp\/v2\/product\/6372\/revisions"}],"wp:featuredmedia":[{"embeddable":true,"href":"https:\/\/laatuvalo.fi\/en\/wp-json\/wp\/v2\/media\/18261"}],"wp:attachment":[{"href":"https:\/\/laatuvalo.fi\/en\/wp-json\/wp\/v2\/media?parent=6372"}],"wp:term":[{"taxonomy":"product_brand","embeddable":true,"href":"https:\/\/laatuvalo.fi\/en\/wp-json\/wp\/v2\/product_brand?post=6372"},{"taxonomy":"product_cat","embeddable":true,"href":"https:\/\/laatuvalo.fi\/en\/wp-json\/wp\/v2\/product_cat?post=6372"},{"taxonomy":"product_tag","embeddable":true,"href":"https:\/\/laatuvalo.fi\/en\/wp-json\/wp\/v2\/product_tag?post=6372"},{"taxonomy":"tarvikkeet_name","embeddable":true,"href":"https:\/\/laatuvalo.fi\/en\/wp-json\/wp\/v2\/tarvikkeet_name?post=6372"},{"taxonomy":"brand_product","embeddable":true,"href":"https:\/\/laatuvalo.fi\/en\/wp-json\/wp\/v2\/brand_product?post=6372"}],"curies":[{"name":"wp","href":"https:\/\/api.w.org\/{rel}","templated":true}]}}