{"id":6391,"date":"2021-09-15T11:50:34","date_gmt":"2021-09-15T09:50:34","guid":{"rendered":"https:\/\/laatuvalo.fi\/product\/croc-2\/"},"modified":"2023-04-19T13:45:53","modified_gmt":"2023-04-19T11:45:53","slug":"croc-kattovalaisin","status":"publish","type":"product","link":"https:\/\/laatuvalo.fi\/en\/product\/croc-kattovalaisin\/","title":{"rendered":"CROC"},"content":{"rendered":"<p>CROC on sarja upotettavia valaisimia, joka on saatavana kolmessa eri koossa \u00d8: 10cm, 13,5cm ja 18cm. Valaisimet ovat saatavana my\u00f6s eri v\u00e4ril\u00e4mp\u00f6tilalla: 2700, 3000, 4000K. Sen\u00a0 mikroprismaattinen h\u00e4ik\u00e4isyn hallintaan tarkoitettu optiikka tekee valaisimesta t\u00e4ydellisen vaihtoehdon toimistoihin ja terveydenhuollon tiloihin.\u00a0 IP44 luokan avulla se sopii my\u00f6s kosteisiin tiloihiin ja kattoon jossa on matala asennuskorkeus. Valaisin on himmennett\u00e4v\u00e4 joko: Casambi, Triac tai Dali ohjauksella, saatavilla my\u00f6s: NO DIM versiona.<\/p>","protected":false},"excerpt":{"rendered":"<p>UPOTETTAVA VALKOINEN KATTOVALAISIN<br \/>\nLED 2700\/3000\/4000K<br \/>\nmikroprismaattinen optiikka h\u00e4ik\u00e4isyn hallintaan<\/p>","protected":false},"featured_media":18435,"template":"","meta":{"iawp_total_views":9},"product_brand":[],"product_cat":[256,263,267],"product_tag":[165],"tarvikkeet_name":[],"brand_product":[230],"class_list":{"0":"post-6391","1":"product","2":"type-product","3":"status-publish","4":"has-post-thumbnail","6":"product_cat-kattovalaisin","7":"product_cat-kylpyhuonevalaisin","8":"product_cat-upotettava-valaisin","9":"product_tag-recessed","10":"brand_product-faro-barcelona","12":"first","13":"instock","14":"taxable","15":"shipping-taxable","16":"purchasable","17":"product-type-variable"},"_links":{"self":[{"href":"https:\/\/laatuvalo.fi\/en\/wp-json\/wp\/v2\/product\/6391","targetHints":{"allow":["GET"]}}],"collection":[{"href":"https:\/\/laatuvalo.fi\/en\/wp-json\/wp\/v2\/product"}],"about":[{"href":"https:\/\/laatuvalo.fi\/en\/wp-json\/wp\/v2\/types\/product"}],"version-history":[{"count":0,"href":"https:\/\/laatuvalo.fi\/en\/wp-json\/wp\/v2\/product\/6391\/revisions"}],"wp:featuredmedia":[{"embeddable":true,"href":"https:\/\/laatuvalo.fi\/en\/wp-json\/wp\/v2\/media\/18435"}],"wp:attachment":[{"href":"https:\/\/laatuvalo.fi\/en\/wp-json\/wp\/v2\/media?parent=6391"}],"wp:term":[{"taxonomy":"product_brand","embeddable":true,"href":"https:\/\/laatuvalo.fi\/en\/wp-json\/wp\/v2\/product_brand?post=6391"},{"taxonomy":"product_cat","embeddable":true,"href":"https:\/\/laatuvalo.fi\/en\/wp-json\/wp\/v2\/product_cat?post=6391"},{"taxonomy":"product_tag","embeddable":true,"href":"https:\/\/laatuvalo.fi\/en\/wp-json\/wp\/v2\/product_tag?post=6391"},{"taxonomy":"tarvikkeet_name","embeddable":true,"href":"https:\/\/laatuvalo.fi\/en\/wp-json\/wp\/v2\/tarvikkeet_name?post=6391"},{"taxonomy":"brand_product","embeddable":true,"href":"https:\/\/laatuvalo.fi\/en\/wp-json\/wp\/v2\/brand_product?post=6391"}],"curies":[{"name":"wp","href":"https:\/\/api.w.org\/{rel}","templated":true}]}}