{"id":6420,"date":"2021-09-15T09:50:38","date_gmt":"2021-09-15T09:50:38","guid":{"rendered":"https:\/\/laatuvalo.fi\/product\/das-2\/"},"modified":"2023-04-24T09:38:13","modified_gmt":"2023-04-24T07:38:13","slug":"das-pollarivalaisin","status":"publish","type":"product","link":"https:\/\/laatuvalo.fi\/en\/product\/das-pollarivalaisin\/","title":{"rendered":"DAS"},"content":{"rendered":"<p>Moderni pollarivalaisin ulkovalaistukseen LED-tekniikalla.Valaisin on saatavilla kahdessa koossa. Hyv\u00e4laatuinen, kest\u00e4v\u00e4 pollarivalaisin on rakennettu valetusta alumiinista, siin\u00e4 on l\u00e4pin\u00e4kyv\u00e4 lasiheijastin.\u00a0 T\u00e4m\u00e4 tyylik\u00e4s ja yksinkertainen pollari on t\u00e4ydellinen valinta terassien, puutarhojen ja kulkuv\u00e4ylien valaisemiseen.<\/p>","protected":false},"excerpt":{"rendered":"<p>BOLLARD LIGHT WITH LED TECHNOLOGY 3000K<\/p>","protected":false},"featured_media":18508,"template":"","meta":{"iawp_total_views":5},"product_brand":[],"product_cat":[270],"product_tag":[180],"tarvikkeet_name":[],"brand_product":[230],"class_list":{"0":"post-6420","1":"product","2":"type-product","3":"status-publish","4":"has-post-thumbnail","6":"product_cat-pollarivalaisin","7":"product_tag-bollards","8":"brand_product-faro-barcelona","10":"first","11":"instock","12":"taxable","13":"shipping-taxable","14":"purchasable","15":"product-type-variable"},"_links":{"self":[{"href":"https:\/\/laatuvalo.fi\/en\/wp-json\/wp\/v2\/product\/6420","targetHints":{"allow":["GET"]}}],"collection":[{"href":"https:\/\/laatuvalo.fi\/en\/wp-json\/wp\/v2\/product"}],"about":[{"href":"https:\/\/laatuvalo.fi\/en\/wp-json\/wp\/v2\/types\/product"}],"version-history":[{"count":0,"href":"https:\/\/laatuvalo.fi\/en\/wp-json\/wp\/v2\/product\/6420\/revisions"}],"wp:featuredmedia":[{"embeddable":true,"href":"https:\/\/laatuvalo.fi\/en\/wp-json\/wp\/v2\/media\/18508"}],"wp:attachment":[{"href":"https:\/\/laatuvalo.fi\/en\/wp-json\/wp\/v2\/media?parent=6420"}],"wp:term":[{"taxonomy":"product_brand","embeddable":true,"href":"https:\/\/laatuvalo.fi\/en\/wp-json\/wp\/v2\/product_brand?post=6420"},{"taxonomy":"product_cat","embeddable":true,"href":"https:\/\/laatuvalo.fi\/en\/wp-json\/wp\/v2\/product_cat?post=6420"},{"taxonomy":"product_tag","embeddable":true,"href":"https:\/\/laatuvalo.fi\/en\/wp-json\/wp\/v2\/product_tag?post=6420"},{"taxonomy":"tarvikkeet_name","embeddable":true,"href":"https:\/\/laatuvalo.fi\/en\/wp-json\/wp\/v2\/tarvikkeet_name?post=6420"},{"taxonomy":"brand_product","embeddable":true,"href":"https:\/\/laatuvalo.fi\/en\/wp-json\/wp\/v2\/brand_product?post=6420"}],"curies":[{"name":"wp","href":"https:\/\/api.w.org\/{rel}","templated":true}]}}