{"id":6435,"date":"2021-09-15T11:50:40","date_gmt":"2021-09-15T09:50:40","guid":{"rendered":"https:\/\/laatuvalo.fi\/product\/dolme-2\/"},"modified":"2023-04-24T09:40:21","modified_gmt":"2023-04-24T07:40:21","slug":"dolme-kattovalaisin","status":"publish","type":"product","link":"https:\/\/laatuvalo.fi\/en\/product\/dolme-kattovalaisin\/","title":{"rendered":"DOLME"},"content":{"rendered":"<p>Valkoinen tai musta kattovalaisin varustettu led tekniikalla. DOLME on tyylilt\u00e4\u00e4n minimalistisesti klassinen, antaa runsaasti valoa ymp\u00e4rist\u00f6\u00f6n, siin\u00e4 on valonl\u00e4hde 24W 3000K (integroitu). T\u00e4m\u00e4 pintaan asennettava valaisin valaisee pintaa tasaisesti, joten sopii t\u00e4ydellisesti sis\u00e4valaistukseen olohuoneseen, eteiseen tai lastenhuoneseen.<\/p>","protected":false},"excerpt":{"rendered":"<p>PINTA-ASENNETTAVA KATTOVALAISIN.<br \/>\nTutustu my\u00f6s riippuvalaisimeen samasta sarjasta.<\/p>","protected":false},"featured_media":18521,"template":"","meta":{"iawp_total_views":4},"product_brand":[],"product_cat":[256],"product_tag":[169],"tarvikkeet_name":[],"brand_product":[230],"class_list":{"0":"post-6435","1":"product","2":"type-product","3":"status-publish","4":"has-post-thumbnail","6":"product_cat-kattovalaisin","7":"product_tag-ceiling","8":"brand_product-faro-barcelona","10":"first","11":"instock","12":"taxable","13":"shipping-taxable","14":"purchasable","15":"product-type-variable"},"_links":{"self":[{"href":"https:\/\/laatuvalo.fi\/en\/wp-json\/wp\/v2\/product\/6435","targetHints":{"allow":["GET"]}}],"collection":[{"href":"https:\/\/laatuvalo.fi\/en\/wp-json\/wp\/v2\/product"}],"about":[{"href":"https:\/\/laatuvalo.fi\/en\/wp-json\/wp\/v2\/types\/product"}],"version-history":[{"count":0,"href":"https:\/\/laatuvalo.fi\/en\/wp-json\/wp\/v2\/product\/6435\/revisions"}],"wp:featuredmedia":[{"embeddable":true,"href":"https:\/\/laatuvalo.fi\/en\/wp-json\/wp\/v2\/media\/18521"}],"wp:attachment":[{"href":"https:\/\/laatuvalo.fi\/en\/wp-json\/wp\/v2\/media?parent=6435"}],"wp:term":[{"taxonomy":"product_brand","embeddable":true,"href":"https:\/\/laatuvalo.fi\/en\/wp-json\/wp\/v2\/product_brand?post=6435"},{"taxonomy":"product_cat","embeddable":true,"href":"https:\/\/laatuvalo.fi\/en\/wp-json\/wp\/v2\/product_cat?post=6435"},{"taxonomy":"product_tag","embeddable":true,"href":"https:\/\/laatuvalo.fi\/en\/wp-json\/wp\/v2\/product_tag?post=6435"},{"taxonomy":"tarvikkeet_name","embeddable":true,"href":"https:\/\/laatuvalo.fi\/en\/wp-json\/wp\/v2\/tarvikkeet_name?post=6435"},{"taxonomy":"brand_product","embeddable":true,"href":"https:\/\/laatuvalo.fi\/en\/wp-json\/wp\/v2\/brand_product?post=6435"}],"curies":[{"name":"wp","href":"https:\/\/api.w.org\/{rel}","templated":true}]}}