{"id":6473,"date":"2021-09-15T13:48:48","date_gmt":"2021-09-15T11:48:48","guid":{"rendered":"https:\/\/laatuvalo.fi\/product\/drum-8\/"},"modified":"2023-04-24T10:01:48","modified_gmt":"2023-04-24T08:01:48","slug":"drum-lattiavalaisin","status":"publish","type":"product","link":"https:\/\/laatuvalo.fi\/en\/product\/drum-lattiavalaisin\/","title":{"rendered":"DRUM FLOOR LAMP"},"content":{"rendered":"<p>Klassisella tyylin toteutettu valaisin sopii moniin tunnelmiin, ajaton ja tyylik\u00e4s valinta my\u00f6s hotellivalaistukseen. Varjostimen kankaan v\u00e4ri t\u00e4ss\u00e4 mallissa on joko tummanharma tai beige.<\/p>","protected":false},"excerpt":{"rendered":"<p>Lattiavalaisin vaihtopolttimolla,<br \/>\nSee also the table lamps from the same series.<\/p>","protected":false},"featured_media":18631,"template":"","meta":{"iawp_total_views":1},"product_brand":[],"product_cat":[255],"product_tag":[167],"tarvikkeet_name":[],"brand_product":[230],"class_list":{"0":"post-6473","1":"product","2":"type-product","3":"status-publish","4":"has-post-thumbnail","6":"product_cat-lattiavalaisin","7":"product_tag-table-and-floor-lamps","8":"brand_product-faro-barcelona","10":"first","11":"instock","12":"taxable","13":"shipping-taxable","14":"purchasable","15":"product-type-variable"},"_links":{"self":[{"href":"https:\/\/laatuvalo.fi\/en\/wp-json\/wp\/v2\/product\/6473","targetHints":{"allow":["GET"]}}],"collection":[{"href":"https:\/\/laatuvalo.fi\/en\/wp-json\/wp\/v2\/product"}],"about":[{"href":"https:\/\/laatuvalo.fi\/en\/wp-json\/wp\/v2\/types\/product"}],"version-history":[{"count":0,"href":"https:\/\/laatuvalo.fi\/en\/wp-json\/wp\/v2\/product\/6473\/revisions"}],"wp:featuredmedia":[{"embeddable":true,"href":"https:\/\/laatuvalo.fi\/en\/wp-json\/wp\/v2\/media\/18631"}],"wp:attachment":[{"href":"https:\/\/laatuvalo.fi\/en\/wp-json\/wp\/v2\/media?parent=6473"}],"wp:term":[{"taxonomy":"product_brand","embeddable":true,"href":"https:\/\/laatuvalo.fi\/en\/wp-json\/wp\/v2\/product_brand?post=6473"},{"taxonomy":"product_cat","embeddable":true,"href":"https:\/\/laatuvalo.fi\/en\/wp-json\/wp\/v2\/product_cat?post=6473"},{"taxonomy":"product_tag","embeddable":true,"href":"https:\/\/laatuvalo.fi\/en\/wp-json\/wp\/v2\/product_tag?post=6473"},{"taxonomy":"tarvikkeet_name","embeddable":true,"href":"https:\/\/laatuvalo.fi\/en\/wp-json\/wp\/v2\/tarvikkeet_name?post=6473"},{"taxonomy":"brand_product","embeddable":true,"href":"https:\/\/laatuvalo.fi\/en\/wp-json\/wp\/v2\/brand_product?post=6473"}],"curies":[{"name":"wp","href":"https:\/\/api.w.org\/{rel}","templated":true}]}}