{"id":6478,"date":"2021-09-15T13:48:48","date_gmt":"2021-09-15T11:48:48","guid":{"rendered":"https:\/\/laatuvalo.fi\/product\/ebba\/"},"modified":"2023-04-24T10:09:55","modified_gmt":"2023-04-24T08:09:55","slug":"ebba","status":"publish","type":"product","link":"https:\/\/laatuvalo.fi\/en\/product\/ebba\/","title":{"rendered":"EBBA"},"content":{"rendered":"<p>Moderni LED-tekniikalla varustettu puoliupotettava valaisin kylpyhuoneen valaistukseen. Valmistettu alumiinista valasimissa on PMMA-muovista tehty heijastin. Valonl\u00e4hde on integroitu: HIGH POWER LED 3000K. T\u00e4m\u00e4 puoliupotettava valaisin tarjoaa runsasta, laadukasta valoa ja my\u00f6s energiatehokkuutta kylpyhuoneeseesi.<\/p>","protected":false},"excerpt":{"rendered":"<p>puoliupotettava LED valaisin kylpyhuoneeseen, 3000K. IP 44<\/p>","protected":false},"featured_media":18642,"template":"","meta":{"iawp_total_views":4},"product_brand":[],"product_cat":[263,267],"product_tag":[165],"tarvikkeet_name":[],"brand_product":[230],"class_list":{"0":"post-6478","1":"product","2":"type-product","3":"status-publish","4":"has-post-thumbnail","6":"product_cat-kylpyhuonevalaisin","7":"product_cat-upotettava-valaisin","8":"product_tag-recessed","9":"brand_product-faro-barcelona","11":"first","12":"instock","13":"taxable","14":"shipping-taxable","15":"purchasable","16":"product-type-simple"},"_links":{"self":[{"href":"https:\/\/laatuvalo.fi\/en\/wp-json\/wp\/v2\/product\/6478","targetHints":{"allow":["GET"]}}],"collection":[{"href":"https:\/\/laatuvalo.fi\/en\/wp-json\/wp\/v2\/product"}],"about":[{"href":"https:\/\/laatuvalo.fi\/en\/wp-json\/wp\/v2\/types\/product"}],"version-history":[{"count":0,"href":"https:\/\/laatuvalo.fi\/en\/wp-json\/wp\/v2\/product\/6478\/revisions"}],"wp:featuredmedia":[{"embeddable":true,"href":"https:\/\/laatuvalo.fi\/en\/wp-json\/wp\/v2\/media\/18642"}],"wp:attachment":[{"href":"https:\/\/laatuvalo.fi\/en\/wp-json\/wp\/v2\/media?parent=6478"}],"wp:term":[{"taxonomy":"product_brand","embeddable":true,"href":"https:\/\/laatuvalo.fi\/en\/wp-json\/wp\/v2\/product_brand?post=6478"},{"taxonomy":"product_cat","embeddable":true,"href":"https:\/\/laatuvalo.fi\/en\/wp-json\/wp\/v2\/product_cat?post=6478"},{"taxonomy":"product_tag","embeddable":true,"href":"https:\/\/laatuvalo.fi\/en\/wp-json\/wp\/v2\/product_tag?post=6478"},{"taxonomy":"tarvikkeet_name","embeddable":true,"href":"https:\/\/laatuvalo.fi\/en\/wp-json\/wp\/v2\/tarvikkeet_name?post=6478"},{"taxonomy":"brand_product","embeddable":true,"href":"https:\/\/laatuvalo.fi\/en\/wp-json\/wp\/v2\/brand_product?post=6478"}],"curies":[{"name":"wp","href":"https:\/\/api.w.org\/{rel}","templated":true}]}}