{"id":6481,"date":"2021-09-15T13:48:49","date_gmt":"2021-09-15T11:48:49","guid":{"rendered":"https:\/\/laatuvalo.fi\/product\/edge-2\/"},"modified":"2023-04-24T10:21:38","modified_gmt":"2023-04-24T08:21:38","slug":"edge-900","status":"publish","type":"product","link":"https:\/\/laatuvalo.fi\/en\/product\/edge-900\/","title":{"rendered":"EDGE 900"},"content":{"rendered":"<p>Sein\u00e4valaisimen muotoilu on klassinen ja tyylik\u00e4s, joten se n\u00e4ytt\u00e4\u00e4 hyv\u00e4lt\u00e4 mink\u00e4 tahansa sisustus tyylin kanssa. IP44-luokituksensa ansiosta se sopii erinomaisesti kylpyhuoneen valaistukseen esimerkiksi peilin viereen.<\/p>","protected":false},"excerpt":{"rendered":"<p>KROMIV\u00c4RISESS\u00c4 KEHYKSESS\u00c4 LED SEIN\u00c4VALAISIN 4000K<\/p>","protected":false},"featured_media":10374,"template":"","meta":{"iawp_total_views":8},"product_brand":[],"product_cat":[263,268],"product_tag":[174],"tarvikkeet_name":[],"brand_product":[230],"class_list":{"0":"post-6481","1":"product","2":"type-product","3":"status-publish","4":"has-post-thumbnail","6":"product_cat-kylpyhuonevalaisin","7":"product_cat-seinavalaisin","8":"product_tag-bathroom","9":"brand_product-faro-barcelona","11":"first","12":"instock","13":"taxable","14":"shipping-taxable","15":"purchasable","16":"product-type-simple"},"_links":{"self":[{"href":"https:\/\/laatuvalo.fi\/en\/wp-json\/wp\/v2\/product\/6481","targetHints":{"allow":["GET"]}}],"collection":[{"href":"https:\/\/laatuvalo.fi\/en\/wp-json\/wp\/v2\/product"}],"about":[{"href":"https:\/\/laatuvalo.fi\/en\/wp-json\/wp\/v2\/types\/product"}],"version-history":[{"count":0,"href":"https:\/\/laatuvalo.fi\/en\/wp-json\/wp\/v2\/product\/6481\/revisions"}],"wp:featuredmedia":[{"embeddable":true,"href":"https:\/\/laatuvalo.fi\/en\/wp-json\/wp\/v2\/media\/10374"}],"wp:attachment":[{"href":"https:\/\/laatuvalo.fi\/en\/wp-json\/wp\/v2\/media?parent=6481"}],"wp:term":[{"taxonomy":"product_brand","embeddable":true,"href":"https:\/\/laatuvalo.fi\/en\/wp-json\/wp\/v2\/product_brand?post=6481"},{"taxonomy":"product_cat","embeddable":true,"href":"https:\/\/laatuvalo.fi\/en\/wp-json\/wp\/v2\/product_cat?post=6481"},{"taxonomy":"product_tag","embeddable":true,"href":"https:\/\/laatuvalo.fi\/en\/wp-json\/wp\/v2\/product_tag?post=6481"},{"taxonomy":"tarvikkeet_name","embeddable":true,"href":"https:\/\/laatuvalo.fi\/en\/wp-json\/wp\/v2\/tarvikkeet_name?post=6481"},{"taxonomy":"brand_product","embeddable":true,"href":"https:\/\/laatuvalo.fi\/en\/wp-json\/wp\/v2\/brand_product?post=6481"}],"curies":[{"name":"wp","href":"https:\/\/api.w.org\/{rel}","templated":true}]}}