{"id":6485,"date":"2021-09-15T13:48:49","date_gmt":"2021-09-15T11:48:49","guid":{"rendered":"https:\/\/laatuvalo.fi\/product\/eres\/"},"modified":"2023-04-24T10:33:33","modified_gmt":"2023-04-24T08:33:33","slug":"eres","status":"publish","type":"product","link":"https:\/\/laatuvalo.fi\/en\/product\/eres\/","title":{"rendered":"ERES"},"content":{"rendered":"<p>ERES on moderni metallista valmistettu sein\u00e4valaisin, sopii t\u00e4ydellisesti sis\u00e4tilojen k\u00e4yt\u00e4vien valaisemiseen luoden mukavan tunnelman valaisimen ymp\u00e4rille ep\u00e4suoran valon ansiosta.<\/p>","protected":false},"excerpt":{"rendered":"<p>VALKOINEN SEIN\u00c4VALAISIN VAIHTOPOLTIMOLLA<\/p>","protected":false},"featured_media":11311,"template":"","meta":{"iawp_total_views":1},"product_brand":[],"product_cat":[268],"product_tag":[166],"tarvikkeet_name":[],"brand_product":[230],"class_list":{"0":"post-6485","1":"product","2":"type-product","3":"status-publish","4":"has-post-thumbnail","6":"product_cat-seinavalaisin","7":"product_tag-wall-lamp","8":"brand_product-faro-barcelona","10":"first","11":"instock","12":"taxable","13":"shipping-taxable","14":"purchasable","15":"product-type-simple"},"_links":{"self":[{"href":"https:\/\/laatuvalo.fi\/en\/wp-json\/wp\/v2\/product\/6485","targetHints":{"allow":["GET"]}}],"collection":[{"href":"https:\/\/laatuvalo.fi\/en\/wp-json\/wp\/v2\/product"}],"about":[{"href":"https:\/\/laatuvalo.fi\/en\/wp-json\/wp\/v2\/types\/product"}],"version-history":[{"count":0,"href":"https:\/\/laatuvalo.fi\/en\/wp-json\/wp\/v2\/product\/6485\/revisions"}],"wp:featuredmedia":[{"embeddable":true,"href":"https:\/\/laatuvalo.fi\/en\/wp-json\/wp\/v2\/media\/11311"}],"wp:attachment":[{"href":"https:\/\/laatuvalo.fi\/en\/wp-json\/wp\/v2\/media?parent=6485"}],"wp:term":[{"taxonomy":"product_brand","embeddable":true,"href":"https:\/\/laatuvalo.fi\/en\/wp-json\/wp\/v2\/product_brand?post=6485"},{"taxonomy":"product_cat","embeddable":true,"href":"https:\/\/laatuvalo.fi\/en\/wp-json\/wp\/v2\/product_cat?post=6485"},{"taxonomy":"product_tag","embeddable":true,"href":"https:\/\/laatuvalo.fi\/en\/wp-json\/wp\/v2\/product_tag?post=6485"},{"taxonomy":"tarvikkeet_name","embeddable":true,"href":"https:\/\/laatuvalo.fi\/en\/wp-json\/wp\/v2\/tarvikkeet_name?post=6485"},{"taxonomy":"brand_product","embeddable":true,"href":"https:\/\/laatuvalo.fi\/en\/wp-json\/wp\/v2\/brand_product?post=6485"}],"curies":[{"name":"wp","href":"https:\/\/api.w.org\/{rel}","templated":true}]}}