{"id":6490,"date":"2021-09-15T13:48:50","date_gmt":"2021-09-15T11:48:50","guid":{"rendered":"https:\/\/laatuvalo.fi\/product\/essential-2\/"},"modified":"2023-04-24T10:36:18","modified_gmt":"2023-04-24T08:36:18","slug":"essential-with-reader","status":"publish","type":"product","link":"https:\/\/laatuvalo.fi\/en\/product\/essential-with-reader\/","title":{"rendered":"ESSENTIAL"},"content":{"rendered":"<p>Elegantti sein\u00e4valaisin lukuvalolla makuuhuoneseen. Sen muotoilu on klassinen ja tyylik\u00e4s, n\u00e4ytt\u00e4\u00e4 hyv\u00e4lt\u00e4 mink\u00e4 tahansa sisustus tyylin kanssa. T\u00e4m\u00e4 metallista valmistettu sein\u00e4valaisin mukautuu ihanteellisesti jokaiseen makuhuonesisustukseen sek\u00e4 kodissa ett\u00e4 hotellissa.<\/p>","protected":false},"excerpt":{"rendered":"<p>SEIN\u00c4VALAISIN VAIHTOPOLTTIMOLLA JA LED-LUKUVALOLLA<\/p>","protected":false},"featured_media":9846,"template":"","meta":{"iawp_total_views":4},"product_brand":[],"product_cat":[268],"product_tag":[166],"tarvikkeet_name":[],"brand_product":[230],"class_list":{"0":"post-6490","1":"product","2":"type-product","3":"status-publish","4":"has-post-thumbnail","6":"product_cat-seinavalaisin","7":"product_tag-wall-lamp","8":"brand_product-faro-barcelona","10":"first","11":"instock","12":"taxable","13":"shipping-taxable","14":"purchasable","15":"product-type-simple"},"_links":{"self":[{"href":"https:\/\/laatuvalo.fi\/en\/wp-json\/wp\/v2\/product\/6490","targetHints":{"allow":["GET"]}}],"collection":[{"href":"https:\/\/laatuvalo.fi\/en\/wp-json\/wp\/v2\/product"}],"about":[{"href":"https:\/\/laatuvalo.fi\/en\/wp-json\/wp\/v2\/types\/product"}],"version-history":[{"count":0,"href":"https:\/\/laatuvalo.fi\/en\/wp-json\/wp\/v2\/product\/6490\/revisions"}],"wp:featuredmedia":[{"embeddable":true,"href":"https:\/\/laatuvalo.fi\/en\/wp-json\/wp\/v2\/media\/9846"}],"wp:attachment":[{"href":"https:\/\/laatuvalo.fi\/en\/wp-json\/wp\/v2\/media?parent=6490"}],"wp:term":[{"taxonomy":"product_brand","embeddable":true,"href":"https:\/\/laatuvalo.fi\/en\/wp-json\/wp\/v2\/product_brand?post=6490"},{"taxonomy":"product_cat","embeddable":true,"href":"https:\/\/laatuvalo.fi\/en\/wp-json\/wp\/v2\/product_cat?post=6490"},{"taxonomy":"product_tag","embeddable":true,"href":"https:\/\/laatuvalo.fi\/en\/wp-json\/wp\/v2\/product_tag?post=6490"},{"taxonomy":"tarvikkeet_name","embeddable":true,"href":"https:\/\/laatuvalo.fi\/en\/wp-json\/wp\/v2\/tarvikkeet_name?post=6490"},{"taxonomy":"brand_product","embeddable":true,"href":"https:\/\/laatuvalo.fi\/en\/wp-json\/wp\/v2\/brand_product?post=6490"}],"curies":[{"name":"wp","href":"https:\/\/api.w.org\/{rel}","templated":true}]}}