{"id":6536,"date":"2021-09-15T13:48:56","date_gmt":"2021-09-15T11:48:56","guid":{"rendered":"https:\/\/laatuvalo.fi\/product\/flow-4\/"},"modified":"2023-04-24T12:20:05","modified_gmt":"2023-04-24T10:20:05","slug":"flow-seinavalaisin","status":"publish","type":"product","link":"https:\/\/laatuvalo.fi\/en\/product\/flow-seinavalaisin\/","title":{"rendered":"FLOW WALL LAMP"},"content":{"rendered":"<p>Sein\u00e4valaisin ulkovalaistukseen. T\u00e4ss\u00e4 mallissa on 360<b>\u00b0<\/b> suunnattava heijastin, jonka avulla saadaan sek\u00e4 toiminnallista ett\u00e4 koristeellista valaistusta yl\u00f6s-\u00a0 ja alasp\u00e4in. T\u00e4m\u00e4n sein\u00e4valaisin on IP 65 sertifioitu, ja se on t\u00e4ydellinen koristevalaistukseen puutarhoissa ja terasseilla, my\u00f6s l\u00e4hell\u00e4 merta. Mukana tulee maapiikki ja sein\u00e4varsi niin valaisin voidaan k\u00e4ytt\u00e4\u00e4 kahdella tavalla.<\/p>","protected":false},"excerpt":{"rendered":"<p>SEIN\u00c4VALAISIN VAIHTOPOLTTIMOLLA ULKOVALISTUKSEEN IP 65<\/p>","protected":false},"featured_media":18732,"template":"","meta":{"iawp_total_views":5},"product_brand":[],"product_cat":[266,268],"product_tag":[166],"tarvikkeet_name":[],"brand_product":[230],"class_list":{"0":"post-6536","1":"product","2":"type-product","3":"status-publish","4":"has-post-thumbnail","6":"product_cat-kohdevalaisin","7":"product_cat-seinavalaisin","8":"product_tag-wall-lamp","9":"brand_product-faro-barcelona","11":"first","12":"instock","13":"taxable","14":"shipping-taxable","15":"purchasable","16":"product-type-variable"},"_links":{"self":[{"href":"https:\/\/laatuvalo.fi\/en\/wp-json\/wp\/v2\/product\/6536","targetHints":{"allow":["GET"]}}],"collection":[{"href":"https:\/\/laatuvalo.fi\/en\/wp-json\/wp\/v2\/product"}],"about":[{"href":"https:\/\/laatuvalo.fi\/en\/wp-json\/wp\/v2\/types\/product"}],"version-history":[{"count":0,"href":"https:\/\/laatuvalo.fi\/en\/wp-json\/wp\/v2\/product\/6536\/revisions"}],"wp:featuredmedia":[{"embeddable":true,"href":"https:\/\/laatuvalo.fi\/en\/wp-json\/wp\/v2\/media\/18732"}],"wp:attachment":[{"href":"https:\/\/laatuvalo.fi\/en\/wp-json\/wp\/v2\/media?parent=6536"}],"wp:term":[{"taxonomy":"product_brand","embeddable":true,"href":"https:\/\/laatuvalo.fi\/en\/wp-json\/wp\/v2\/product_brand?post=6536"},{"taxonomy":"product_cat","embeddable":true,"href":"https:\/\/laatuvalo.fi\/en\/wp-json\/wp\/v2\/product_cat?post=6536"},{"taxonomy":"product_tag","embeddable":true,"href":"https:\/\/laatuvalo.fi\/en\/wp-json\/wp\/v2\/product_tag?post=6536"},{"taxonomy":"tarvikkeet_name","embeddable":true,"href":"https:\/\/laatuvalo.fi\/en\/wp-json\/wp\/v2\/tarvikkeet_name?post=6536"},{"taxonomy":"brand_product","embeddable":true,"href":"https:\/\/laatuvalo.fi\/en\/wp-json\/wp\/v2\/brand_product?post=6536"}],"curies":[{"name":"wp","href":"https:\/\/api.w.org\/{rel}","templated":true}]}}