{"id":6538,"date":"2021-09-15T13:48:56","date_gmt":"2021-09-15T11:48:56","guid":{"rendered":"https:\/\/laatuvalo.fi\/product\/foc-2\/"},"modified":"2023-04-24T12:26:53","modified_gmt":"2023-04-24T10:26:53","slug":"foc-seinavalaisin","status":"publish","type":"product","link":"https:\/\/laatuvalo.fi\/en\/product\/foc-seinavalaisin\/","title":{"rendered":"FOC WALL LAMP"},"content":{"rendered":"<p>LED-projektori ulkovalaistukseen, valmistettu painevaletusta alumiinista. Valonl\u00e4hde LED 16W on integroitu runkoon. T\u00e4m\u00e4 moderni ja minimalistinen projektori on s\u00e4\u00e4dett\u00e4viss\u00e4 45\u00b0 pystysuunnassa. T\u00e4ydellinen valinta valaisemaan julkisivuja, puutarhoja ja terasseja. Helposti kohdistat valoa sinne, mihin tarvitset. Valaisin on korkeasti sertifioittu\u00a0 IP65 luokaltaan, joka k\u00e4yt\u00e4nn\u00f6ss\u00e4 antaa korkean suojan sateelta ja rakeilta.<\/p>","protected":false},"excerpt":{"rendered":"<p>LED SEIN\u00c4PROJEKTORI 3000K, IP 65<\/p>","protected":false},"featured_media":18750,"template":"","meta":{"iawp_total_views":2},"product_brand":[],"product_cat":[266],"product_tag":[171],"tarvikkeet_name":[],"brand_product":[230],"class_list":{"0":"post-6538","1":"product","2":"type-product","3":"status-publish","4":"has-post-thumbnail","6":"product_cat-kohdevalaisin","7":"product_tag-projectors","8":"brand_product-faro-barcelona","10":"first","11":"instock","12":"taxable","13":"shipping-taxable","14":"purchasable","15":"product-type-variable"},"_links":{"self":[{"href":"https:\/\/laatuvalo.fi\/en\/wp-json\/wp\/v2\/product\/6538","targetHints":{"allow":["GET"]}}],"collection":[{"href":"https:\/\/laatuvalo.fi\/en\/wp-json\/wp\/v2\/product"}],"about":[{"href":"https:\/\/laatuvalo.fi\/en\/wp-json\/wp\/v2\/types\/product"}],"version-history":[{"count":0,"href":"https:\/\/laatuvalo.fi\/en\/wp-json\/wp\/v2\/product\/6538\/revisions"}],"wp:featuredmedia":[{"embeddable":true,"href":"https:\/\/laatuvalo.fi\/en\/wp-json\/wp\/v2\/media\/18750"}],"wp:attachment":[{"href":"https:\/\/laatuvalo.fi\/en\/wp-json\/wp\/v2\/media?parent=6538"}],"wp:term":[{"taxonomy":"product_brand","embeddable":true,"href":"https:\/\/laatuvalo.fi\/en\/wp-json\/wp\/v2\/product_brand?post=6538"},{"taxonomy":"product_cat","embeddable":true,"href":"https:\/\/laatuvalo.fi\/en\/wp-json\/wp\/v2\/product_cat?post=6538"},{"taxonomy":"product_tag","embeddable":true,"href":"https:\/\/laatuvalo.fi\/en\/wp-json\/wp\/v2\/product_tag?post=6538"},{"taxonomy":"tarvikkeet_name","embeddable":true,"href":"https:\/\/laatuvalo.fi\/en\/wp-json\/wp\/v2\/tarvikkeet_name?post=6538"},{"taxonomy":"brand_product","embeddable":true,"href":"https:\/\/laatuvalo.fi\/en\/wp-json\/wp\/v2\/brand_product?post=6538"}],"curies":[{"name":"wp","href":"https:\/\/api.w.org\/{rel}","templated":true}]}}