{"id":6593,"date":"2021-09-15T13:49:05","date_gmt":"2021-09-15T11:49:05","guid":{"rendered":"https:\/\/laatuvalo.fi\/product\/fuji\/"},"modified":"2023-04-24T12:48:50","modified_gmt":"2023-04-24T10:48:50","slug":"fuji","status":"publish","type":"product","link":"https:\/\/laatuvalo.fi\/en\/product\/fuji\/","title":{"rendered":"FUJI"},"content":{"rendered":"<p>Ladattava FUJI on saanut inspiraationsa Japanista. Varjostinta saa kahteen asentoon ja valaisinta voi muunnella riippuvalaisimeksi sis\u00e4\u00e4nrakennetun koukun ansiosta. Valaisimessa on kolme himmennystasoa joka s\u00e4\u00e4det\u00e4\u00e4n painikkeella. FUJI on ihanteellinen sisustuselementti modernin kodin, terassien tai puutarhojen valaistukseen. IP44 luokitettu. Valaisin ladataan USB-C kaapelilla.<\/p>","protected":false},"excerpt":{"rendered":"<p>KANNETTAVA LED VALAISIN SIS\u00c4-JA ULKOK\u00c4YTT\u00d6\u00d6N 2700K<\/p>","protected":false},"featured_media":18810,"template":"","meta":{"iawp_total_views":10},"product_brand":[],"product_cat":[265,264],"product_tag":[170],"tarvikkeet_name":[],"brand_product":[230],"class_list":{"0":"post-6593","1":"product","2":"type-product","3":"status-publish","4":"has-post-thumbnail","6":"product_cat-ladattava-valaisin","7":"product_cat-poytavalaisimet","8":"product_tag-portable-lamps","9":"brand_product-faro-barcelona","11":"first","12":"instock","13":"taxable","14":"shipping-taxable","15":"purchasable","16":"product-type-simple"},"_links":{"self":[{"href":"https:\/\/laatuvalo.fi\/en\/wp-json\/wp\/v2\/product\/6593","targetHints":{"allow":["GET"]}}],"collection":[{"href":"https:\/\/laatuvalo.fi\/en\/wp-json\/wp\/v2\/product"}],"about":[{"href":"https:\/\/laatuvalo.fi\/en\/wp-json\/wp\/v2\/types\/product"}],"version-history":[{"count":0,"href":"https:\/\/laatuvalo.fi\/en\/wp-json\/wp\/v2\/product\/6593\/revisions"}],"wp:featuredmedia":[{"embeddable":true,"href":"https:\/\/laatuvalo.fi\/en\/wp-json\/wp\/v2\/media\/18810"}],"wp:attachment":[{"href":"https:\/\/laatuvalo.fi\/en\/wp-json\/wp\/v2\/media?parent=6593"}],"wp:term":[{"taxonomy":"product_brand","embeddable":true,"href":"https:\/\/laatuvalo.fi\/en\/wp-json\/wp\/v2\/product_brand?post=6593"},{"taxonomy":"product_cat","embeddable":true,"href":"https:\/\/laatuvalo.fi\/en\/wp-json\/wp\/v2\/product_cat?post=6593"},{"taxonomy":"product_tag","embeddable":true,"href":"https:\/\/laatuvalo.fi\/en\/wp-json\/wp\/v2\/product_tag?post=6593"},{"taxonomy":"tarvikkeet_name","embeddable":true,"href":"https:\/\/laatuvalo.fi\/en\/wp-json\/wp\/v2\/tarvikkeet_name?post=6593"},{"taxonomy":"brand_product","embeddable":true,"href":"https:\/\/laatuvalo.fi\/en\/wp-json\/wp\/v2\/brand_product?post=6593"}],"curies":[{"name":"wp","href":"https:\/\/api.w.org\/{rel}","templated":true}]}}