{"id":6596,"date":"2021-09-15T13:49:05","date_gmt":"2021-09-15T11:49:05","guid":{"rendered":"https:\/\/laatuvalo.fi\/product\/future\/"},"modified":"2023-04-24T12:53:45","modified_gmt":"2023-04-24T10:53:45","slug":"future","status":"publish","type":"product","link":"https:\/\/laatuvalo.fi\/en\/product\/future\/","title":{"rendered":"FUTURE"},"content":{"rendered":"<p>FUTURE on moderni sein\u00e4valaisin ulkovalaistukseen, joka tuo arvokasta ja pehme\u00e4 valoa ymp\u00e4rist\u00f6\u00f6n, t\u00e4ydellinen valinta puutarhan, terassien ja julkisivujen valaistukseen. Sertifioitu IP44 valaisin antaa suojan sateelta ja rakeilta.<\/p>","protected":false},"excerpt":{"rendered":"<p>MODERNI SEIN\u00c4VALAISIN ULKOK\u00c4YTT\u00d6\u00d6N VAIHTOPOLTTIMOLLA<\/p>","protected":false},"featured_media":18822,"template":"","meta":{"iawp_total_views":1},"product_brand":[],"product_cat":[268],"product_tag":[166],"tarvikkeet_name":[],"brand_product":[230],"class_list":{"0":"post-6596","1":"product","2":"type-product","3":"status-publish","4":"has-post-thumbnail","6":"product_cat-seinavalaisin","7":"product_tag-wall-lamp","8":"brand_product-faro-barcelona","10":"first","11":"instock","12":"taxable","13":"shipping-taxable","14":"purchasable","15":"product-type-variable"},"_links":{"self":[{"href":"https:\/\/laatuvalo.fi\/en\/wp-json\/wp\/v2\/product\/6596","targetHints":{"allow":["GET"]}}],"collection":[{"href":"https:\/\/laatuvalo.fi\/en\/wp-json\/wp\/v2\/product"}],"about":[{"href":"https:\/\/laatuvalo.fi\/en\/wp-json\/wp\/v2\/types\/product"}],"version-history":[{"count":0,"href":"https:\/\/laatuvalo.fi\/en\/wp-json\/wp\/v2\/product\/6596\/revisions"}],"wp:featuredmedia":[{"embeddable":true,"href":"https:\/\/laatuvalo.fi\/en\/wp-json\/wp\/v2\/media\/18822"}],"wp:attachment":[{"href":"https:\/\/laatuvalo.fi\/en\/wp-json\/wp\/v2\/media?parent=6596"}],"wp:term":[{"taxonomy":"product_brand","embeddable":true,"href":"https:\/\/laatuvalo.fi\/en\/wp-json\/wp\/v2\/product_brand?post=6596"},{"taxonomy":"product_cat","embeddable":true,"href":"https:\/\/laatuvalo.fi\/en\/wp-json\/wp\/v2\/product_cat?post=6596"},{"taxonomy":"product_tag","embeddable":true,"href":"https:\/\/laatuvalo.fi\/en\/wp-json\/wp\/v2\/product_tag?post=6596"},{"taxonomy":"tarvikkeet_name","embeddable":true,"href":"https:\/\/laatuvalo.fi\/en\/wp-json\/wp\/v2\/tarvikkeet_name?post=6596"},{"taxonomy":"brand_product","embeddable":true,"href":"https:\/\/laatuvalo.fi\/en\/wp-json\/wp\/v2\/brand_product?post=6596"}],"curies":[{"name":"wp","href":"https:\/\/api.w.org\/{rel}","templated":true}]}}