{"id":6613,"date":"2021-09-15T13:49:08","date_gmt":"2021-09-15T11:49:08","guid":{"rendered":"https:\/\/laatuvalo.fi\/product\/geiser-8\/"},"modified":"2023-04-24T13:05:37","modified_gmt":"2023-04-24T11:05:37","slug":"geiser","status":"publish","type":"product","link":"https:\/\/laatuvalo.fi\/en\/product\/geiser\/","title":{"rendered":"GEYSERS"},"content":{"rendered":"<p>GEISER on sarja todella kest\u00e4vi\u00e4 upotettavia LED-valaisimia puutarhan, terassien ja kulkualueiden valaistukseen. T\u00e4m\u00e4 kolmessa eri koossa saatavilla opastevalo on t\u00e4ydellinen valinta sek\u00e4 tontin polkujen ett\u00e4 julkisivujen valaisemiseen. GEISER voidaan asentaa joko kattoon tai lattiaan. Valaisin on varustettu ANTI-GLARE lis\u00e4\u00e4 tarvikkeella, joka est\u00e4\u00e4 h\u00e4ik\u00e4isy\u00e4. IK 08 sertifikaatin ansiota iskunkest\u00e4v\u00e4 valaisin sallii max. 2000kg painoisen ajoneuvon ajamaan sen yli. Sertifioitu IP67 valaisin antaa my\u00f6s korkean suojan sateelta ja rakeilta.<\/p>","protected":false},"excerpt":{"rendered":"<p>Iskukest\u00e4v\u00e4 upotettava LED-valaisin ulkok\u00e4ytt\u00f6\u00f6n, IP67<br \/>\nSaatavilla kolmessa eri koossa.<\/p>","protected":false},"featured_media":18856,"template":"","meta":{"iawp_total_views":9},"product_brand":[],"product_cat":[267],"product_tag":[165],"tarvikkeet_name":[],"brand_product":[230],"class_list":{"0":"post-6613","1":"product","2":"type-product","3":"status-publish","4":"has-post-thumbnail","6":"product_cat-upotettava-valaisin","7":"product_tag-recessed","8":"brand_product-faro-barcelona","10":"first","11":"instock","12":"taxable","13":"shipping-taxable","14":"purchasable","15":"product-type-variable"},"_links":{"self":[{"href":"https:\/\/laatuvalo.fi\/en\/wp-json\/wp\/v2\/product\/6613","targetHints":{"allow":["GET"]}}],"collection":[{"href":"https:\/\/laatuvalo.fi\/en\/wp-json\/wp\/v2\/product"}],"about":[{"href":"https:\/\/laatuvalo.fi\/en\/wp-json\/wp\/v2\/types\/product"}],"version-history":[{"count":0,"href":"https:\/\/laatuvalo.fi\/en\/wp-json\/wp\/v2\/product\/6613\/revisions"}],"wp:featuredmedia":[{"embeddable":true,"href":"https:\/\/laatuvalo.fi\/en\/wp-json\/wp\/v2\/media\/18856"}],"wp:attachment":[{"href":"https:\/\/laatuvalo.fi\/en\/wp-json\/wp\/v2\/media?parent=6613"}],"wp:term":[{"taxonomy":"product_brand","embeddable":true,"href":"https:\/\/laatuvalo.fi\/en\/wp-json\/wp\/v2\/product_brand?post=6613"},{"taxonomy":"product_cat","embeddable":true,"href":"https:\/\/laatuvalo.fi\/en\/wp-json\/wp\/v2\/product_cat?post=6613"},{"taxonomy":"product_tag","embeddable":true,"href":"https:\/\/laatuvalo.fi\/en\/wp-json\/wp\/v2\/product_tag?post=6613"},{"taxonomy":"tarvikkeet_name","embeddable":true,"href":"https:\/\/laatuvalo.fi\/en\/wp-json\/wp\/v2\/tarvikkeet_name?post=6613"},{"taxonomy":"brand_product","embeddable":true,"href":"https:\/\/laatuvalo.fi\/en\/wp-json\/wp\/v2\/brand_product?post=6613"}],"curies":[{"name":"wp","href":"https:\/\/api.w.org\/{rel}","templated":true}]}}