{"id":6616,"date":"2021-09-15T13:49:08","date_gmt":"2021-09-15T11:49:08","guid":{"rendered":"https:\/\/laatuvalo.fi\/product\/gina-2\/"},"modified":"2023-04-24T13:08:20","modified_gmt":"2023-04-24T11:08:20","slug":"gina","status":"publish","type":"product","link":"https:\/\/laatuvalo.fi\/en\/product\/gina\/","title":{"rendered":"GINA"},"content":{"rendered":"<p>Moderni, alumiinista valmistettu sein\u00e4valaisin ulkovalaistukseen vaihtopolttimolla, opaali lasillisella heijastimella. GINA on t\u00e4ydellinen valinta valaisemaan parvekkeita, julkisivuja, terasseja, sis\u00e4\u00e4nk\u00e4yntej\u00e4. T\u00e4m\u00e4 valaisin on sertifioitu IP44-luokkalla, joka antaa korkean suojan sateiden roiskumista ja rakeilta.<\/p>","protected":false},"excerpt":{"rendered":"<p>kolmessa eri v\u00e4riss\u00e4 sein\u00e4valaisin ulkovalaistukseen IP44, vaihtopolttimolla<\/p>","protected":false},"featured_media":18862,"template":"","meta":{"iawp_total_views":15},"product_brand":[],"product_cat":[266,268],"product_tag":[166],"tarvikkeet_name":[],"brand_product":[230],"class_list":{"0":"post-6616","1":"product","2":"type-product","3":"status-publish","4":"has-post-thumbnail","6":"product_cat-kohdevalaisin","7":"product_cat-seinavalaisin","8":"product_tag-wall-lamp","9":"brand_product-faro-barcelona","11":"first","12":"instock","13":"taxable","14":"shipping-taxable","15":"purchasable","16":"product-type-variable"},"_links":{"self":[{"href":"https:\/\/laatuvalo.fi\/en\/wp-json\/wp\/v2\/product\/6616","targetHints":{"allow":["GET"]}}],"collection":[{"href":"https:\/\/laatuvalo.fi\/en\/wp-json\/wp\/v2\/product"}],"about":[{"href":"https:\/\/laatuvalo.fi\/en\/wp-json\/wp\/v2\/types\/product"}],"version-history":[{"count":0,"href":"https:\/\/laatuvalo.fi\/en\/wp-json\/wp\/v2\/product\/6616\/revisions"}],"wp:featuredmedia":[{"embeddable":true,"href":"https:\/\/laatuvalo.fi\/en\/wp-json\/wp\/v2\/media\/18862"}],"wp:attachment":[{"href":"https:\/\/laatuvalo.fi\/en\/wp-json\/wp\/v2\/media?parent=6616"}],"wp:term":[{"taxonomy":"product_brand","embeddable":true,"href":"https:\/\/laatuvalo.fi\/en\/wp-json\/wp\/v2\/product_brand?post=6616"},{"taxonomy":"product_cat","embeddable":true,"href":"https:\/\/laatuvalo.fi\/en\/wp-json\/wp\/v2\/product_cat?post=6616"},{"taxonomy":"product_tag","embeddable":true,"href":"https:\/\/laatuvalo.fi\/en\/wp-json\/wp\/v2\/product_tag?post=6616"},{"taxonomy":"tarvikkeet_name","embeddable":true,"href":"https:\/\/laatuvalo.fi\/en\/wp-json\/wp\/v2\/tarvikkeet_name?post=6616"},{"taxonomy":"brand_product","embeddable":true,"href":"https:\/\/laatuvalo.fi\/en\/wp-json\/wp\/v2\/brand_product?post=6616"}],"curies":[{"name":"wp","href":"https:\/\/api.w.org\/{rel}","templated":true}]}}