{"id":6638,"date":"2021-09-15T13:49:10","date_gmt":"2021-09-15T11:49:10","guid":{"rendered":"https:\/\/laatuvalo.fi\/product\/grop-2\/"},"modified":"2023-04-24T13:26:52","modified_gmt":"2023-04-24T11:26:52","slug":"grop","status":"publish","type":"product","link":"https:\/\/laatuvalo.fi\/en\/product\/grop\/","title":{"rendered":"GROP"},"content":{"rendered":"<p>GROP on trendik\u00e4s led tekniikalla varustettu pollarivalaisin ulkovalaistukseen. Moderni ja kest\u00e4v\u00e4, alumiinista valmistettu valaisin, opaalilla PC heijastimella. GROP on t\u00e4ydellinen valinta valaisemaan terasseja, sis\u00e4\u00e4nk\u00e4yntej\u00e4 ja pihapolkuja. T\u00e4m\u00e4n valaisimen korkea suoja IP54-luokka antaa suojan sateelta ja rakeilta.<\/p>","protected":false},"excerpt":{"rendered":"<p>led tekniikalla varustettu pollarivalaisin ulkovalaistukseen IP 54<\/p>","protected":false},"featured_media":19099,"template":"","meta":{"iawp_total_views":12},"product_brand":[],"product_cat":[270],"product_tag":[182],"tarvikkeet_name":[],"brand_product":[230],"class_list":{"0":"post-6638","1":"product","2":"type-product","3":"status-publish","4":"has-post-thumbnail","6":"product_cat-pollarivalaisin","7":"product_tag-pole-lamps","8":"brand_product-faro-barcelona","10":"first","11":"instock","12":"taxable","13":"shipping-taxable","14":"purchasable","15":"product-type-simple"},"_links":{"self":[{"href":"https:\/\/laatuvalo.fi\/en\/wp-json\/wp\/v2\/product\/6638","targetHints":{"allow":["GET"]}}],"collection":[{"href":"https:\/\/laatuvalo.fi\/en\/wp-json\/wp\/v2\/product"}],"about":[{"href":"https:\/\/laatuvalo.fi\/en\/wp-json\/wp\/v2\/types\/product"}],"version-history":[{"count":0,"href":"https:\/\/laatuvalo.fi\/en\/wp-json\/wp\/v2\/product\/6638\/revisions"}],"wp:featuredmedia":[{"embeddable":true,"href":"https:\/\/laatuvalo.fi\/en\/wp-json\/wp\/v2\/media\/19099"}],"wp:attachment":[{"href":"https:\/\/laatuvalo.fi\/en\/wp-json\/wp\/v2\/media?parent=6638"}],"wp:term":[{"taxonomy":"product_brand","embeddable":true,"href":"https:\/\/laatuvalo.fi\/en\/wp-json\/wp\/v2\/product_brand?post=6638"},{"taxonomy":"product_cat","embeddable":true,"href":"https:\/\/laatuvalo.fi\/en\/wp-json\/wp\/v2\/product_cat?post=6638"},{"taxonomy":"product_tag","embeddable":true,"href":"https:\/\/laatuvalo.fi\/en\/wp-json\/wp\/v2\/product_tag?post=6638"},{"taxonomy":"tarvikkeet_name","embeddable":true,"href":"https:\/\/laatuvalo.fi\/en\/wp-json\/wp\/v2\/tarvikkeet_name?post=6638"},{"taxonomy":"brand_product","embeddable":true,"href":"https:\/\/laatuvalo.fi\/en\/wp-json\/wp\/v2\/brand_product?post=6638"}],"curies":[{"name":"wp","href":"https:\/\/api.w.org\/{rel}","templated":true}]}}