{"id":6643,"date":"2021-09-15T13:49:12","date_gmt":"2021-09-15T11:49:12","guid":{"rendered":"https:\/\/laatuvalo.fi\/product\/gru\/"},"modified":"2023-04-24T13:35:18","modified_gmt":"2023-04-24T11:35:18","slug":"gru","status":"publish","type":"product","link":"https:\/\/laatuvalo.fi\/en\/product\/gru\/","title":{"rendered":"GRU"},"content":{"rendered":"<p>P\u00f6yt\u00e4valaisin ty\u00f6pisteen valaistukseen, valmistettu teraksest\u00e4. GRUn minimalistisen muotoilun ansiota se sopii loistavasti sek\u00e4 moderniin ett\u00e4 klassiseen sisustukseen.<\/p>","protected":false},"excerpt":{"rendered":"<p>MUSTA TAI VALKOINEN P\u00d6YT\u00c4VALAISIN VAIHTOPOLTTIMOLLA<\/p>","protected":false},"featured_media":19108,"template":"","meta":{"iawp_total_views":3},"product_brand":[],"product_cat":[264],"product_tag":[172],"tarvikkeet_name":[],"brand_product":[230],"class_list":{"0":"post-6643","1":"product","2":"type-product","3":"status-publish","4":"has-post-thumbnail","6":"product_cat-poytavalaisimet","7":"product_tag-office-and-study","8":"brand_product-faro-barcelona","10":"first","11":"instock","12":"taxable","13":"shipping-taxable","14":"purchasable","15":"product-type-variable"},"_links":{"self":[{"href":"https:\/\/laatuvalo.fi\/en\/wp-json\/wp\/v2\/product\/6643","targetHints":{"allow":["GET"]}}],"collection":[{"href":"https:\/\/laatuvalo.fi\/en\/wp-json\/wp\/v2\/product"}],"about":[{"href":"https:\/\/laatuvalo.fi\/en\/wp-json\/wp\/v2\/types\/product"}],"version-history":[{"count":0,"href":"https:\/\/laatuvalo.fi\/en\/wp-json\/wp\/v2\/product\/6643\/revisions"}],"wp:featuredmedia":[{"embeddable":true,"href":"https:\/\/laatuvalo.fi\/en\/wp-json\/wp\/v2\/media\/19108"}],"wp:attachment":[{"href":"https:\/\/laatuvalo.fi\/en\/wp-json\/wp\/v2\/media?parent=6643"}],"wp:term":[{"taxonomy":"product_brand","embeddable":true,"href":"https:\/\/laatuvalo.fi\/en\/wp-json\/wp\/v2\/product_brand?post=6643"},{"taxonomy":"product_cat","embeddable":true,"href":"https:\/\/laatuvalo.fi\/en\/wp-json\/wp\/v2\/product_cat?post=6643"},{"taxonomy":"product_tag","embeddable":true,"href":"https:\/\/laatuvalo.fi\/en\/wp-json\/wp\/v2\/product_tag?post=6643"},{"taxonomy":"tarvikkeet_name","embeddable":true,"href":"https:\/\/laatuvalo.fi\/en\/wp-json\/wp\/v2\/tarvikkeet_name?post=6643"},{"taxonomy":"brand_product","embeddable":true,"href":"https:\/\/laatuvalo.fi\/en\/wp-json\/wp\/v2\/brand_product?post=6643"}],"curies":[{"name":"wp","href":"https:\/\/api.w.org\/{rel}","templated":true}]}}