{"id":6680,"date":"2021-09-15T13:49:18","date_gmt":"2021-09-15T11:49:18","guid":{"rendered":"https:\/\/laatuvalo.fi\/product\/haru-2\/"},"modified":"2023-04-24T13:41:43","modified_gmt":"2023-04-24T11:41:43","slug":"haru","status":"publish","type":"product","link":"https:\/\/laatuvalo.fi\/en\/product\/haru\/","title":{"rendered":"HARU"},"content":{"rendered":"<p>Moderni ja minimalistinen kattovalaisin sis\u00e4valaistukseen LED-tekniikalla. Ajaton ja tyylik\u00e4s valinta my\u00f6s hotellivalaistukseen. Valaisin on saatavilla valkoisena tai mustana.<\/p>","protected":false},"excerpt":{"rendered":"<p>kattovalaisin sis\u00e4valaistukseen LED-tekniikalla 3000K<\/p>","protected":false},"featured_media":19137,"template":"","meta":{"iawp_total_views":0},"product_brand":[],"product_cat":[256],"product_tag":[169],"tarvikkeet_name":[],"brand_product":[230],"class_list":{"0":"post-6680","1":"product","2":"type-product","3":"status-publish","4":"has-post-thumbnail","6":"product_cat-kattovalaisin","7":"product_tag-ceiling","8":"brand_product-faro-barcelona","10":"first","11":"instock","12":"taxable","13":"shipping-taxable","14":"purchasable","15":"product-type-variable"},"_links":{"self":[{"href":"https:\/\/laatuvalo.fi\/en\/wp-json\/wp\/v2\/product\/6680","targetHints":{"allow":["GET"]}}],"collection":[{"href":"https:\/\/laatuvalo.fi\/en\/wp-json\/wp\/v2\/product"}],"about":[{"href":"https:\/\/laatuvalo.fi\/en\/wp-json\/wp\/v2\/types\/product"}],"version-history":[{"count":0,"href":"https:\/\/laatuvalo.fi\/en\/wp-json\/wp\/v2\/product\/6680\/revisions"}],"wp:featuredmedia":[{"embeddable":true,"href":"https:\/\/laatuvalo.fi\/en\/wp-json\/wp\/v2\/media\/19137"}],"wp:attachment":[{"href":"https:\/\/laatuvalo.fi\/en\/wp-json\/wp\/v2\/media?parent=6680"}],"wp:term":[{"taxonomy":"product_brand","embeddable":true,"href":"https:\/\/laatuvalo.fi\/en\/wp-json\/wp\/v2\/product_brand?post=6680"},{"taxonomy":"product_cat","embeddable":true,"href":"https:\/\/laatuvalo.fi\/en\/wp-json\/wp\/v2\/product_cat?post=6680"},{"taxonomy":"product_tag","embeddable":true,"href":"https:\/\/laatuvalo.fi\/en\/wp-json\/wp\/v2\/product_tag?post=6680"},{"taxonomy":"tarvikkeet_name","embeddable":true,"href":"https:\/\/laatuvalo.fi\/en\/wp-json\/wp\/v2\/tarvikkeet_name?post=6680"},{"taxonomy":"brand_product","embeddable":true,"href":"https:\/\/laatuvalo.fi\/en\/wp-json\/wp\/v2\/brand_product?post=6680"}],"curies":[{"name":"wp","href":"https:\/\/api.w.org\/{rel}","templated":true}]}}