{"id":6694,"date":"2021-09-15T13:49:19","date_gmt":"2021-09-15T11:49:19","guid":{"rendered":"https:\/\/laatuvalo.fi\/product\/hoshi-3\/"},"modified":"2023-04-24T13:55:22","modified_gmt":"2023-04-24T11:55:22","slug":"hoshi","status":"publish","type":"product","link":"https:\/\/laatuvalo.fi\/en\/product\/hoshi\/","title":{"rendered":"HOSHI"},"content":{"rendered":"<p>HOSHI on XJERin Studion suunnittelema elegantti p\u00f6yt\u00e4valaisin. Sirosta muodosta huolimatta valaisimen jalka on eritt\u00e4in tukeva. Kokonaisuudessaan n\u00e4ytt\u00e4\u00e4 tosi tyylikk\u00e4\u00e4lt\u00e4 ja kevyelt\u00e4. Voit s\u00e4\u00e4t\u00e4\u00e4 valon voimakkuutta jalassa olevan painikkeen avulla. Led valonl\u00e4hde on integroitu LED 12W 3000K.<\/p>","protected":false},"excerpt":{"rendered":"<p>elegantti p\u00f6yt\u00e4valaisin led tekniikalla 3000K<\/p>","protected":false},"featured_media":19150,"template":"","meta":{"iawp_total_views":1},"product_brand":[],"product_cat":[264],"product_tag":[167],"tarvikkeet_name":[],"brand_product":[230],"class_list":{"0":"post-6694","1":"product","2":"type-product","3":"status-publish","4":"has-post-thumbnail","6":"product_cat-poytavalaisimet","7":"product_tag-table-and-floor-lamps","8":"brand_product-faro-barcelona","10":"first","11":"instock","12":"taxable","13":"shipping-taxable","14":"purchasable","15":"product-type-variable"},"_links":{"self":[{"href":"https:\/\/laatuvalo.fi\/en\/wp-json\/wp\/v2\/product\/6694","targetHints":{"allow":["GET"]}}],"collection":[{"href":"https:\/\/laatuvalo.fi\/en\/wp-json\/wp\/v2\/product"}],"about":[{"href":"https:\/\/laatuvalo.fi\/en\/wp-json\/wp\/v2\/types\/product"}],"version-history":[{"count":0,"href":"https:\/\/laatuvalo.fi\/en\/wp-json\/wp\/v2\/product\/6694\/revisions"}],"wp:featuredmedia":[{"embeddable":true,"href":"https:\/\/laatuvalo.fi\/en\/wp-json\/wp\/v2\/media\/19150"}],"wp:attachment":[{"href":"https:\/\/laatuvalo.fi\/en\/wp-json\/wp\/v2\/media?parent=6694"}],"wp:term":[{"taxonomy":"product_brand","embeddable":true,"href":"https:\/\/laatuvalo.fi\/en\/wp-json\/wp\/v2\/product_brand?post=6694"},{"taxonomy":"product_cat","embeddable":true,"href":"https:\/\/laatuvalo.fi\/en\/wp-json\/wp\/v2\/product_cat?post=6694"},{"taxonomy":"product_tag","embeddable":true,"href":"https:\/\/laatuvalo.fi\/en\/wp-json\/wp\/v2\/product_tag?post=6694"},{"taxonomy":"tarvikkeet_name","embeddable":true,"href":"https:\/\/laatuvalo.fi\/en\/wp-json\/wp\/v2\/tarvikkeet_name?post=6694"},{"taxonomy":"brand_product","embeddable":true,"href":"https:\/\/laatuvalo.fi\/en\/wp-json\/wp\/v2\/brand_product?post=6694"}],"curies":[{"name":"wp","href":"https:\/\/api.w.org\/{rel}","templated":true}]}}