{"id":6701,"date":"2021-09-15T13:49:20","date_gmt":"2021-09-15T11:49:20","guid":{"rendered":"https:\/\/laatuvalo.fi\/product\/hotel-7\/"},"modified":"2023-04-25T08:42:50","modified_gmt":"2023-04-25T06:42:50","slug":"hotel-seinavalaisin","status":"publish","type":"product","link":"https:\/\/laatuvalo.fi\/en\/product\/hotel-seinavalaisin\/","title":{"rendered":"HOTEL WALL LAMP"},"content":{"rendered":"<p>Samaan sarjaan kuuluu malli lukuvalon kanssa tai ilman. Kaunis, elegantti sisustuselementti, joka sopii moniin tunnelmiin. Kromin v\u00e4risell\u00e4 rungolla varustettu sein\u00e4valaisin sopii t\u00e4ydellisesti makuuhuoneen valaistukseen, sill\u00e4 on k\u00e4yt\u00e4nn\u00f6llinen, suunnattava lukuvalo integroitu runkoon. HOTEL on ajaton ja tyylik\u00e4s valinta my\u00f6s hotellivalaistukseen. Varjostin on saatavilla valkoisena tai musta v\u00e4risen\u00e4.<\/p>","protected":false},"excerpt":{"rendered":"<p>SEIN\u00c4VALAISIN VAIHTOPOLTTIMOLLA JA LED-LUKUVALOLLA<\/p>","protected":false},"featured_media":19360,"template":"","meta":{"iawp_total_views":67},"product_brand":[],"product_cat":[268],"product_tag":[166],"tarvikkeet_name":[],"brand_product":[230],"class_list":{"0":"post-6701","1":"product","2":"type-product","3":"status-publish","4":"has-post-thumbnail","6":"product_cat-seinavalaisin","7":"product_tag-wall-lamp","8":"brand_product-faro-barcelona","10":"first","11":"instock","12":"taxable","13":"shipping-taxable","14":"purchasable","15":"product-type-variable"},"_links":{"self":[{"href":"https:\/\/laatuvalo.fi\/en\/wp-json\/wp\/v2\/product\/6701","targetHints":{"allow":["GET"]}}],"collection":[{"href":"https:\/\/laatuvalo.fi\/en\/wp-json\/wp\/v2\/product"}],"about":[{"href":"https:\/\/laatuvalo.fi\/en\/wp-json\/wp\/v2\/types\/product"}],"version-history":[{"count":0,"href":"https:\/\/laatuvalo.fi\/en\/wp-json\/wp\/v2\/product\/6701\/revisions"}],"wp:featuredmedia":[{"embeddable":true,"href":"https:\/\/laatuvalo.fi\/en\/wp-json\/wp\/v2\/media\/19360"}],"wp:attachment":[{"href":"https:\/\/laatuvalo.fi\/en\/wp-json\/wp\/v2\/media?parent=6701"}],"wp:term":[{"taxonomy":"product_brand","embeddable":true,"href":"https:\/\/laatuvalo.fi\/en\/wp-json\/wp\/v2\/product_brand?post=6701"},{"taxonomy":"product_cat","embeddable":true,"href":"https:\/\/laatuvalo.fi\/en\/wp-json\/wp\/v2\/product_cat?post=6701"},{"taxonomy":"product_tag","embeddable":true,"href":"https:\/\/laatuvalo.fi\/en\/wp-json\/wp\/v2\/product_tag?post=6701"},{"taxonomy":"tarvikkeet_name","embeddable":true,"href":"https:\/\/laatuvalo.fi\/en\/wp-json\/wp\/v2\/tarvikkeet_name?post=6701"},{"taxonomy":"brand_product","embeddable":true,"href":"https:\/\/laatuvalo.fi\/en\/wp-json\/wp\/v2\/brand_product?post=6701"}],"curies":[{"name":"wp","href":"https:\/\/api.w.org\/{rel}","templated":true}]}}