{"id":6706,"date":"2021-09-15T13:49:22","date_gmt":"2021-09-15T11:49:22","guid":{"rendered":"https:\/\/laatuvalo.fi\/product\/hyde-2\/"},"modified":"2023-04-25T09:34:41","modified_gmt":"2023-04-25T07:34:41","slug":"hyde-round","status":"publish","type":"product","link":"https:\/\/laatuvalo.fi\/en\/product\/hyde-round\/","title":{"rendered":"HYDE ROUND IP 20"},"content":{"rendered":"<p>Ter\u00e4ksest\u00e4 valmistettu suunnattava py\u00f6re\u00e4 upotettava alasvalo, saatavilla kehyksell\u00e4 ja kehyksett\u00f6m\u00e4n\u00e4. Valonl\u00e4hde sijaitsee syvemm\u00e4ll\u00e4 jolloin valo ei h\u00e4ik\u00e4ise. T\u00e4m\u00e4 upotettu valaisin sopii t\u00e4ydellisesti talon eri tiloihin kuten: olohuoneeseen, eteiseen tai keitti\u00f6\u00f6n. Huom: polttimoiden kannat erillisen\u00e4 pakettissa.<\/p>","protected":false},"excerpt":{"rendered":"<p>suunnattava py\u00f6re\u00e4 upotettava alasvalo vaihtopolttimolla IP 20<\/p>","protected":false},"featured_media":19372,"template":"","meta":{"iawp_total_views":3},"product_brand":[],"product_cat":[267],"product_tag":[165],"tarvikkeet_name":[],"brand_product":[230],"class_list":{"0":"post-6706","1":"product","2":"type-product","3":"status-publish","4":"has-post-thumbnail","6":"product_cat-upotettava-valaisin","7":"product_tag-recessed","8":"brand_product-faro-barcelona","10":"first","11":"instock","12":"taxable","13":"shipping-taxable","14":"purchasable","15":"product-type-variable"},"_links":{"self":[{"href":"https:\/\/laatuvalo.fi\/en\/wp-json\/wp\/v2\/product\/6706","targetHints":{"allow":["GET"]}}],"collection":[{"href":"https:\/\/laatuvalo.fi\/en\/wp-json\/wp\/v2\/product"}],"about":[{"href":"https:\/\/laatuvalo.fi\/en\/wp-json\/wp\/v2\/types\/product"}],"version-history":[{"count":0,"href":"https:\/\/laatuvalo.fi\/en\/wp-json\/wp\/v2\/product\/6706\/revisions"}],"wp:featuredmedia":[{"embeddable":true,"href":"https:\/\/laatuvalo.fi\/en\/wp-json\/wp\/v2\/media\/19372"}],"wp:attachment":[{"href":"https:\/\/laatuvalo.fi\/en\/wp-json\/wp\/v2\/media?parent=6706"}],"wp:term":[{"taxonomy":"product_brand","embeddable":true,"href":"https:\/\/laatuvalo.fi\/en\/wp-json\/wp\/v2\/product_brand?post=6706"},{"taxonomy":"product_cat","embeddable":true,"href":"https:\/\/laatuvalo.fi\/en\/wp-json\/wp\/v2\/product_cat?post=6706"},{"taxonomy":"product_tag","embeddable":true,"href":"https:\/\/laatuvalo.fi\/en\/wp-json\/wp\/v2\/product_tag?post=6706"},{"taxonomy":"tarvikkeet_name","embeddable":true,"href":"https:\/\/laatuvalo.fi\/en\/wp-json\/wp\/v2\/tarvikkeet_name?post=6706"},{"taxonomy":"brand_product","embeddable":true,"href":"https:\/\/laatuvalo.fi\/en\/wp-json\/wp\/v2\/brand_product?post=6706"}],"curies":[{"name":"wp","href":"https:\/\/api.w.org\/{rel}","templated":true}]}}