{"id":6717,"date":"2021-09-15T13:49:23","date_gmt":"2021-09-15T11:49:23","guid":{"rendered":"https:\/\/laatuvalo.fi\/product\/hyde-13\/"},"modified":"2023-04-25T09:59:52","modified_gmt":"2023-04-25T07:59:52","slug":"hyde-square","status":"publish","type":"product","link":"https:\/\/laatuvalo.fi\/en\/product\/hyde-square\/","title":{"rendered":"HYDE SQUARE IP 20"},"content":{"rendered":"<p>Ter\u00e4ksest\u00e4 valmistettu suunnattava neliskanttinen upotettava alasvalo: kehyksellinen tai kehykset\u00f6n. Valonl\u00e4hde sijaitsee syvemm\u00e4ll\u00e4, jolloin valo ei h\u00e4ik\u00e4ise. T\u00e4m\u00e4 upotettu valaisin sopii t\u00e4ydellisesti talon eri tiloihin kuten olohuoneeseen, eteiseen tai keitti\u00f6\u00f6n.<\/p>","protected":false},"excerpt":{"rendered":"<p>neliskanttinen upotettava alasvalo vaihtopolttimolla IP 20<\/p>","protected":false},"featured_media":20879,"template":"","meta":{"iawp_total_views":1},"product_brand":[],"product_cat":[267],"product_tag":[165],"tarvikkeet_name":[],"brand_product":[230],"class_list":{"0":"post-6717","1":"product","2":"type-product","3":"status-publish","4":"has-post-thumbnail","6":"product_cat-upotettava-valaisin","7":"product_tag-recessed","8":"brand_product-faro-barcelona","10":"first","11":"instock","12":"taxable","13":"shipping-taxable","14":"purchasable","15":"product-type-variable"},"_links":{"self":[{"href":"https:\/\/laatuvalo.fi\/en\/wp-json\/wp\/v2\/product\/6717","targetHints":{"allow":["GET"]}}],"collection":[{"href":"https:\/\/laatuvalo.fi\/en\/wp-json\/wp\/v2\/product"}],"about":[{"href":"https:\/\/laatuvalo.fi\/en\/wp-json\/wp\/v2\/types\/product"}],"version-history":[{"count":0,"href":"https:\/\/laatuvalo.fi\/en\/wp-json\/wp\/v2\/product\/6717\/revisions"}],"wp:featuredmedia":[{"embeddable":true,"href":"https:\/\/laatuvalo.fi\/en\/wp-json\/wp\/v2\/media\/20879"}],"wp:attachment":[{"href":"https:\/\/laatuvalo.fi\/en\/wp-json\/wp\/v2\/media?parent=6717"}],"wp:term":[{"taxonomy":"product_brand","embeddable":true,"href":"https:\/\/laatuvalo.fi\/en\/wp-json\/wp\/v2\/product_brand?post=6717"},{"taxonomy":"product_cat","embeddable":true,"href":"https:\/\/laatuvalo.fi\/en\/wp-json\/wp\/v2\/product_cat?post=6717"},{"taxonomy":"product_tag","embeddable":true,"href":"https:\/\/laatuvalo.fi\/en\/wp-json\/wp\/v2\/product_tag?post=6717"},{"taxonomy":"tarvikkeet_name","embeddable":true,"href":"https:\/\/laatuvalo.fi\/en\/wp-json\/wp\/v2\/tarvikkeet_name?post=6717"},{"taxonomy":"brand_product","embeddable":true,"href":"https:\/\/laatuvalo.fi\/en\/wp-json\/wp\/v2\/brand_product?post=6717"}],"curies":[{"name":"wp","href":"https:\/\/api.w.org\/{rel}","templated":true}]}}