{"id":6740,"date":"2021-09-15T13:49:27","date_gmt":"2021-09-15T11:49:27","guid":{"rendered":"https:\/\/laatuvalo.fi\/product\/janet\/"},"modified":"2023-04-25T11:31:54","modified_gmt":"2023-04-25T09:31:54","slug":"janet","status":"publish","type":"product","link":"https:\/\/laatuvalo.fi\/en\/product\/janet\/","title":{"rendered":"JANET"},"content":{"rendered":"<p>Valkoinen ja sis\u00e4pinaltaan kullan v\u00e4rinen\u00a0 kattovalaisin vaihtopolttimolla. JANET on tyylilt\u00e4\u00e4n klassinen, mutta tehokas valaisemaan ymp\u00e4ristons\u00e4. T\u00e4m\u00e4 pintaan asennettava valaisin valaisee tasaisesti ja sopii t\u00e4ydellisesti sis\u00e4valaistukseen makuhuoneeseen, olohuoneeseen, eteiseen.<\/p>","protected":false},"excerpt":{"rendered":"<p>pintaan asennettava valaisin vaihtopolttimolla<\/p>","protected":false},"featured_media":9979,"template":"","meta":{"iawp_total_views":2},"product_brand":[],"product_cat":[256],"product_tag":[169],"tarvikkeet_name":[],"brand_product":[230],"class_list":{"0":"post-6740","1":"product","2":"type-product","3":"status-publish","4":"has-post-thumbnail","6":"product_cat-kattovalaisin","7":"product_tag-ceiling","8":"brand_product-faro-barcelona","10":"first","11":"instock","12":"taxable","13":"shipping-taxable","14":"purchasable","15":"product-type-simple"},"_links":{"self":[{"href":"https:\/\/laatuvalo.fi\/en\/wp-json\/wp\/v2\/product\/6740","targetHints":{"allow":["GET"]}}],"collection":[{"href":"https:\/\/laatuvalo.fi\/en\/wp-json\/wp\/v2\/product"}],"about":[{"href":"https:\/\/laatuvalo.fi\/en\/wp-json\/wp\/v2\/types\/product"}],"version-history":[{"count":0,"href":"https:\/\/laatuvalo.fi\/en\/wp-json\/wp\/v2\/product\/6740\/revisions"}],"wp:featuredmedia":[{"embeddable":true,"href":"https:\/\/laatuvalo.fi\/en\/wp-json\/wp\/v2\/media\/9979"}],"wp:attachment":[{"href":"https:\/\/laatuvalo.fi\/en\/wp-json\/wp\/v2\/media?parent=6740"}],"wp:term":[{"taxonomy":"product_brand","embeddable":true,"href":"https:\/\/laatuvalo.fi\/en\/wp-json\/wp\/v2\/product_brand?post=6740"},{"taxonomy":"product_cat","embeddable":true,"href":"https:\/\/laatuvalo.fi\/en\/wp-json\/wp\/v2\/product_cat?post=6740"},{"taxonomy":"product_tag","embeddable":true,"href":"https:\/\/laatuvalo.fi\/en\/wp-json\/wp\/v2\/product_tag?post=6740"},{"taxonomy":"tarvikkeet_name","embeddable":true,"href":"https:\/\/laatuvalo.fi\/en\/wp-json\/wp\/v2\/tarvikkeet_name?post=6740"},{"taxonomy":"brand_product","embeddable":true,"href":"https:\/\/laatuvalo.fi\/en\/wp-json\/wp\/v2\/brand_product?post=6740"}],"curies":[{"name":"wp","href":"https:\/\/api.w.org\/{rel}","templated":true}]}}