{"id":6742,"date":"2021-09-15T13:49:27","date_gmt":"2021-09-15T11:49:27","guid":{"rendered":"https:\/\/laatuvalo.fi\/product\/jellyfish-2\/"},"modified":"2023-04-25T11:34:21","modified_gmt":"2023-04-25T09:34:21","slug":"jellyfish-lattiavalaisin","status":"publish","type":"product","link":"https:\/\/laatuvalo.fi\/en\/product\/jellyfish-lattiavalaisin\/","title":{"rendered":"JELLYFISH FLOOR LAMP"},"content":{"rendered":"<p>Musta mutta sis\u00e4pinnaltaan kullan v\u00e4rinen\u00a0 design lattiavalaisin integroitu led tekniikalla. Tyylilt\u00e4\u00e4n leikkis\u00e4, mutta tehokas valaisin sopii t\u00e4ydellisesti sis\u00e4valaistukseen makuhuoneeseen, olohuoneseen tai lastenhuoneeseen. Tutustu my\u00f6s p\u00f6yt\u00e4valaisimeen samasta sarjasta.<\/p>","protected":false},"excerpt":{"rendered":"<p>DESIGN LATTIAVALAISIN LED TEKNIIKALLA 3000K<\/p>","protected":false},"featured_media":19396,"template":"","meta":{"iawp_total_views":5},"product_brand":[],"product_cat":[255],"product_tag":[167],"tarvikkeet_name":[],"brand_product":[230],"class_list":{"0":"post-6742","1":"product","2":"type-product","3":"status-publish","4":"has-post-thumbnail","6":"product_cat-lattiavalaisin","7":"product_tag-table-and-floor-lamps","8":"brand_product-faro-barcelona","10":"first","11":"instock","12":"taxable","13":"shipping-taxable","14":"purchasable","15":"product-type-simple"},"_links":{"self":[{"href":"https:\/\/laatuvalo.fi\/en\/wp-json\/wp\/v2\/product\/6742","targetHints":{"allow":["GET"]}}],"collection":[{"href":"https:\/\/laatuvalo.fi\/en\/wp-json\/wp\/v2\/product"}],"about":[{"href":"https:\/\/laatuvalo.fi\/en\/wp-json\/wp\/v2\/types\/product"}],"version-history":[{"count":0,"href":"https:\/\/laatuvalo.fi\/en\/wp-json\/wp\/v2\/product\/6742\/revisions"}],"wp:featuredmedia":[{"embeddable":true,"href":"https:\/\/laatuvalo.fi\/en\/wp-json\/wp\/v2\/media\/19396"}],"wp:attachment":[{"href":"https:\/\/laatuvalo.fi\/en\/wp-json\/wp\/v2\/media?parent=6742"}],"wp:term":[{"taxonomy":"product_brand","embeddable":true,"href":"https:\/\/laatuvalo.fi\/en\/wp-json\/wp\/v2\/product_brand?post=6742"},{"taxonomy":"product_cat","embeddable":true,"href":"https:\/\/laatuvalo.fi\/en\/wp-json\/wp\/v2\/product_cat?post=6742"},{"taxonomy":"product_tag","embeddable":true,"href":"https:\/\/laatuvalo.fi\/en\/wp-json\/wp\/v2\/product_tag?post=6742"},{"taxonomy":"tarvikkeet_name","embeddable":true,"href":"https:\/\/laatuvalo.fi\/en\/wp-json\/wp\/v2\/tarvikkeet_name?post=6742"},{"taxonomy":"brand_product","embeddable":true,"href":"https:\/\/laatuvalo.fi\/en\/wp-json\/wp\/v2\/brand_product?post=6742"}],"curies":[{"name":"wp","href":"https:\/\/api.w.org\/{rel}","templated":true}]}}