{"id":6743,"date":"2021-09-15T13:49:27","date_gmt":"2021-09-15T11:49:27","guid":{"rendered":"https:\/\/laatuvalo.fi\/product\/jellyfish-3\/"},"modified":"2023-04-25T11:41:15","modified_gmt":"2023-04-25T09:41:15","slug":"jellyfish-poytavalaisin","status":"publish","type":"product","link":"https:\/\/laatuvalo.fi\/en\/product\/jellyfish-poytavalaisin\/","title":{"rendered":"JELLYFISH TABLE LAMP"},"content":{"rendered":"<p>Musta mutta sis\u00e4pinnaltaan kullan v\u00e4rinen design p\u00f6yt\u00e4valaisin integroitu led tekniikalla. Tyylilt\u00e4\u00e4n leikkis\u00e4, mutta tehokas valaisin sopii t\u00e4ydellisesti sis\u00e4valaistukseen makuhuoneeseen, olohuoneeseen tai lastenhuoneeseen. Tutustu my\u00f6s lattiavalaisimeen samasta sarjasta.<\/p>","protected":false},"excerpt":{"rendered":"<p>MUSTA P\u00d6YT\u00c4VALAISIN LED TEKNIIKALLA 3000K<\/p>","protected":false},"featured_media":9581,"template":"","meta":{"iawp_total_views":3},"product_brand":[],"product_cat":[264],"product_tag":[167],"tarvikkeet_name":[],"brand_product":[230],"class_list":{"0":"post-6743","1":"product","2":"type-product","3":"status-publish","4":"has-post-thumbnail","6":"product_cat-poytavalaisimet","7":"product_tag-table-and-floor-lamps","8":"brand_product-faro-barcelona","10":"first","11":"instock","12":"taxable","13":"shipping-taxable","14":"purchasable","15":"product-type-simple"},"_links":{"self":[{"href":"https:\/\/laatuvalo.fi\/en\/wp-json\/wp\/v2\/product\/6743","targetHints":{"allow":["GET"]}}],"collection":[{"href":"https:\/\/laatuvalo.fi\/en\/wp-json\/wp\/v2\/product"}],"about":[{"href":"https:\/\/laatuvalo.fi\/en\/wp-json\/wp\/v2\/types\/product"}],"version-history":[{"count":0,"href":"https:\/\/laatuvalo.fi\/en\/wp-json\/wp\/v2\/product\/6743\/revisions"}],"wp:featuredmedia":[{"embeddable":true,"href":"https:\/\/laatuvalo.fi\/en\/wp-json\/wp\/v2\/media\/9581"}],"wp:attachment":[{"href":"https:\/\/laatuvalo.fi\/en\/wp-json\/wp\/v2\/media?parent=6743"}],"wp:term":[{"taxonomy":"product_brand","embeddable":true,"href":"https:\/\/laatuvalo.fi\/en\/wp-json\/wp\/v2\/product_brand?post=6743"},{"taxonomy":"product_cat","embeddable":true,"href":"https:\/\/laatuvalo.fi\/en\/wp-json\/wp\/v2\/product_cat?post=6743"},{"taxonomy":"product_tag","embeddable":true,"href":"https:\/\/laatuvalo.fi\/en\/wp-json\/wp\/v2\/product_tag?post=6743"},{"taxonomy":"tarvikkeet_name","embeddable":true,"href":"https:\/\/laatuvalo.fi\/en\/wp-json\/wp\/v2\/tarvikkeet_name?post=6743"},{"taxonomy":"brand_product","embeddable":true,"href":"https:\/\/laatuvalo.fi\/en\/wp-json\/wp\/v2\/brand_product?post=6743"}],"curies":[{"name":"wp","href":"https:\/\/api.w.org\/{rel}","templated":true}]}}