{"id":6745,"date":"2021-09-15T13:49:27","date_gmt":"2021-09-15T11:49:27","guid":{"rendered":"https:\/\/laatuvalo.fi\/product\/joy\/"},"modified":"2023-05-02T09:19:01","modified_gmt":"2023-05-02T07:19:01","slug":"joy","status":"publish","type":"product","link":"https:\/\/laatuvalo.fi\/en\/product\/joy\/","title":{"rendered":"JOY"},"content":{"rendered":"<p>JOY on ulkon\u00e4\u00f6lt\u00e4\u00e4n ep\u00e4tavallinen sein\u00e4valaisin, jonka runko sai eritt\u00e4in hauskan modernin py\u00f6re\u00e4n muodon. Heijastin on valmistettu opaali lasista, joka l\u00e4p\u00e4isee runsasti hajavaloa ymp\u00e4riins\u00e4. Runko on saatavilla joko mustana tai valkoisena. Leikkisen ulkon\u00e4\u00f6n ansiosta valaisin sopii loistavasti lastenhuoneen sisustukseen.<\/p>\n<p>&nbsp;<\/p>","protected":false},"excerpt":{"rendered":"<p>SEIN\u00c4VALAISIN LED TEKNIIKALLA 3000K<\/p>","protected":false},"featured_media":19407,"template":"","meta":{"iawp_total_views":4},"product_brand":[],"product_cat":[268],"product_tag":[166],"tarvikkeet_name":[],"brand_product":[230],"class_list":{"0":"post-6745","1":"product","2":"type-product","3":"status-publish","4":"has-post-thumbnail","6":"product_cat-seinavalaisin","7":"product_tag-wall-lamp","8":"brand_product-faro-barcelona","10":"first","11":"instock","12":"taxable","13":"shipping-taxable","14":"purchasable","15":"product-type-variable"},"_links":{"self":[{"href":"https:\/\/laatuvalo.fi\/en\/wp-json\/wp\/v2\/product\/6745","targetHints":{"allow":["GET"]}}],"collection":[{"href":"https:\/\/laatuvalo.fi\/en\/wp-json\/wp\/v2\/product"}],"about":[{"href":"https:\/\/laatuvalo.fi\/en\/wp-json\/wp\/v2\/types\/product"}],"version-history":[{"count":0,"href":"https:\/\/laatuvalo.fi\/en\/wp-json\/wp\/v2\/product\/6745\/revisions"}],"wp:featuredmedia":[{"embeddable":true,"href":"https:\/\/laatuvalo.fi\/en\/wp-json\/wp\/v2\/media\/19407"}],"wp:attachment":[{"href":"https:\/\/laatuvalo.fi\/en\/wp-json\/wp\/v2\/media?parent=6745"}],"wp:term":[{"taxonomy":"product_brand","embeddable":true,"href":"https:\/\/laatuvalo.fi\/en\/wp-json\/wp\/v2\/product_brand?post=6745"},{"taxonomy":"product_cat","embeddable":true,"href":"https:\/\/laatuvalo.fi\/en\/wp-json\/wp\/v2\/product_cat?post=6745"},{"taxonomy":"product_tag","embeddable":true,"href":"https:\/\/laatuvalo.fi\/en\/wp-json\/wp\/v2\/product_tag?post=6745"},{"taxonomy":"tarvikkeet_name","embeddable":true,"href":"https:\/\/laatuvalo.fi\/en\/wp-json\/wp\/v2\/tarvikkeet_name?post=6745"},{"taxonomy":"brand_product","embeddable":true,"href":"https:\/\/laatuvalo.fi\/en\/wp-json\/wp\/v2\/brand_product?post=6745"}],"curies":[{"name":"wp","href":"https:\/\/api.w.org\/{rel}","templated":true}]}}