{"id":6761,"date":"2021-09-15T11:49:29","date_gmt":"2021-09-15T11:49:29","guid":{"rendered":"https:\/\/laatuvalo.fi\/product\/kaula-2\/"},"modified":"2023-04-25T11:56:34","modified_gmt":"2023-04-25T09:56:34","slug":"kaula","status":"publish","type":"product","link":"https:\/\/laatuvalo.fi\/en\/product\/kaula\/","title":{"rendered":"NECK"},"content":{"rendered":"<p>Minimalistinen sein\u00e4valaisin joka sopii kylpyhuoneen valaistukseen. KAULAn runko on valmistettu kest\u00e4v\u00e4st\u00e4 ter\u00e4ksest\u00e4 316L, sen avulla sopii katetulle terasille tai parvekkeelle (kest\u00e4\u00e4 veden roiskumista). Sen tyylik\u00e4s ja minimalistinen muoto sopii hyvin joka ikiseen tyyliin.<\/p>","protected":false},"excerpt":{"rendered":"<p>sein\u00e4valaisin led tekniikkalla ulkok\u00e4yt\u00f6\u00f6n 3000K<\/p>","protected":false},"featured_media":12219,"template":"","meta":{"iawp_total_views":8},"product_brand":[],"product_cat":[263,268],"product_tag":[166],"tarvikkeet_name":[],"brand_product":[230],"class_list":{"0":"post-6761","1":"product","2":"type-product","3":"status-publish","4":"has-post-thumbnail","6":"product_cat-kylpyhuonevalaisin","7":"product_cat-seinavalaisin","8":"product_tag-wall-lamp","9":"brand_product-faro-barcelona","11":"first","12":"instock","13":"taxable","14":"shipping-taxable","15":"purchasable","16":"product-type-variable"},"_links":{"self":[{"href":"https:\/\/laatuvalo.fi\/en\/wp-json\/wp\/v2\/product\/6761","targetHints":{"allow":["GET"]}}],"collection":[{"href":"https:\/\/laatuvalo.fi\/en\/wp-json\/wp\/v2\/product"}],"about":[{"href":"https:\/\/laatuvalo.fi\/en\/wp-json\/wp\/v2\/types\/product"}],"version-history":[{"count":0,"href":"https:\/\/laatuvalo.fi\/en\/wp-json\/wp\/v2\/product\/6761\/revisions"}],"wp:featuredmedia":[{"embeddable":true,"href":"https:\/\/laatuvalo.fi\/en\/wp-json\/wp\/v2\/media\/12219"}],"wp:attachment":[{"href":"https:\/\/laatuvalo.fi\/en\/wp-json\/wp\/v2\/media?parent=6761"}],"wp:term":[{"taxonomy":"product_brand","embeddable":true,"href":"https:\/\/laatuvalo.fi\/en\/wp-json\/wp\/v2\/product_brand?post=6761"},{"taxonomy":"product_cat","embeddable":true,"href":"https:\/\/laatuvalo.fi\/en\/wp-json\/wp\/v2\/product_cat?post=6761"},{"taxonomy":"product_tag","embeddable":true,"href":"https:\/\/laatuvalo.fi\/en\/wp-json\/wp\/v2\/product_tag?post=6761"},{"taxonomy":"tarvikkeet_name","embeddable":true,"href":"https:\/\/laatuvalo.fi\/en\/wp-json\/wp\/v2\/tarvikkeet_name?post=6761"},{"taxonomy":"brand_product","embeddable":true,"href":"https:\/\/laatuvalo.fi\/en\/wp-json\/wp\/v2\/brand_product?post=6761"}],"curies":[{"name":"wp","href":"https:\/\/api.w.org\/{rel}","templated":true}]}}