{"id":6781,"date":"2021-09-15T13:50:34","date_gmt":"2021-09-15T11:50:34","guid":{"rendered":"https:\/\/laatuvalo.fi\/product\/klee-2\/"},"modified":"2023-04-25T12:09:13","modified_gmt":"2023-04-25T10:09:13","slug":"klee","status":"publish","type":"product","link":"https:\/\/laatuvalo.fi\/en\/product\/klee\/","title":{"rendered":"KLEE"},"content":{"rendered":"<p>KLEE on tyylik\u00e4s ja minimalistinen sein\u00e4valaisin. Valaisimessa on kaksi eri valonl\u00e4hdett\u00e4. Toinen on suunnattava lukuvalo, toinen taas sijaitsee ison ympyr\u00e4n takana ja tuo ihanaa iltatunnelmaa antamalla pehme\u00e4\u00e4 hajavaloa. Valaisin on himmennett\u00e4v\u00e4 pienen musta ympyr\u00e4n avulla, joten saat lis\u00e4tty\u00e4 ja v\u00e4hennetty\u00e4 valon m\u00e4\u00e4r\u00e4\u00e4 tarpeiden mukaan. KLEE sein\u00e4valaisin mukautuu ihanteellisesti jokaiseen makuhuonesisustukseen sek\u00e4 kodissa ett\u00e4 hotellissa, sit\u00e4 pystyt\u00e4\u00e4n asentamaan joko vaaka- tai pystysuoraan. Huomio, ett\u00e4 saatavilla on vasen ja oikea malli, riippuu mille s\u00e4ngyn puolelle halutaan sen asentaa.<\/p>","protected":false},"excerpt":{"rendered":"<p>LED SEIN\u00c4VALAISIN LUKUVALON KANSSA 2700K<\/p>","protected":false},"featured_media":19450,"template":"","meta":{"iawp_total_views":27},"product_brand":[],"product_cat":[268],"product_tag":[166],"tarvikkeet_name":[],"brand_product":[230],"class_list":{"0":"post-6781","1":"product","2":"type-product","3":"status-publish","4":"has-post-thumbnail","6":"product_cat-seinavalaisin","7":"product_tag-wall-lamp","8":"brand_product-faro-barcelona","10":"first","11":"instock","12":"taxable","13":"shipping-taxable","14":"purchasable","15":"product-type-variable"},"_links":{"self":[{"href":"https:\/\/laatuvalo.fi\/en\/wp-json\/wp\/v2\/product\/6781","targetHints":{"allow":["GET"]}}],"collection":[{"href":"https:\/\/laatuvalo.fi\/en\/wp-json\/wp\/v2\/product"}],"about":[{"href":"https:\/\/laatuvalo.fi\/en\/wp-json\/wp\/v2\/types\/product"}],"version-history":[{"count":0,"href":"https:\/\/laatuvalo.fi\/en\/wp-json\/wp\/v2\/product\/6781\/revisions"}],"wp:featuredmedia":[{"embeddable":true,"href":"https:\/\/laatuvalo.fi\/en\/wp-json\/wp\/v2\/media\/19450"}],"wp:attachment":[{"href":"https:\/\/laatuvalo.fi\/en\/wp-json\/wp\/v2\/media?parent=6781"}],"wp:term":[{"taxonomy":"product_brand","embeddable":true,"href":"https:\/\/laatuvalo.fi\/en\/wp-json\/wp\/v2\/product_brand?post=6781"},{"taxonomy":"product_cat","embeddable":true,"href":"https:\/\/laatuvalo.fi\/en\/wp-json\/wp\/v2\/product_cat?post=6781"},{"taxonomy":"product_tag","embeddable":true,"href":"https:\/\/laatuvalo.fi\/en\/wp-json\/wp\/v2\/product_tag?post=6781"},{"taxonomy":"tarvikkeet_name","embeddable":true,"href":"https:\/\/laatuvalo.fi\/en\/wp-json\/wp\/v2\/tarvikkeet_name?post=6781"},{"taxonomy":"brand_product","embeddable":true,"href":"https:\/\/laatuvalo.fi\/en\/wp-json\/wp\/v2\/brand_product?post=6781"}],"curies":[{"name":"wp","href":"https:\/\/api.w.org\/{rel}","templated":true}]}}