{"id":6792,"date":"2021-09-15T13:50:35","date_gmt":"2021-09-15T11:50:35","guid":{"rendered":"https:\/\/laatuvalo.fi\/product\/kombo-10\/"},"modified":"2023-04-25T12:16:05","modified_gmt":"2023-04-25T10:16:05","slug":"kombo-400","status":"publish","type":"product","link":"https:\/\/laatuvalo.fi\/en\/product\/kombo-400\/","title":{"rendered":"KOMBO 400"},"content":{"rendered":"<p>KOMBO on sarja eri kokoisista riippuvalaisimista sis\u00e4valaistukseen. Valaisimen hieman industriaalinen muotoilu sopii loistavasti sek\u00e4 klassiseen ett\u00e4 moderniin kodin-, hotelli- ja ravintolasisustukseen. T\u00e4m\u00e4 koristeellinen kattovalaisin on saatavilla eri varjostimien m\u00e4\u00e4r\u00e4ll\u00e4. Valitse oma versio, jossa on 1, 3, 5 tai jopa 7 valonl\u00e4hdett\u00e4. Sarjaan kuuluu my\u00f6s kooltaan pienempi\u00e4 versioita: Kombo 120 ja Kombo 200.<\/p>\n<p>&nbsp;<\/p>","protected":false},"excerpt":{"rendered":"<p>pendant lamp with replaceable bulb with 1, 3, 5 or even 7 light sources<\/p>","protected":false},"featured_media":19503,"template":"","meta":{"iawp_total_views":3},"product_brand":[],"product_cat":[253],"product_tag":[168],"tarvikkeet_name":[],"brand_product":[230],"class_list":{"0":"post-6792","1":"product","2":"type-product","3":"status-publish","4":"has-post-thumbnail","6":"product_cat-riippuvalaisin","7":"product_tag-pendant","8":"brand_product-faro-barcelona","10":"first","11":"instock","12":"taxable","13":"shipping-taxable","14":"purchasable","15":"product-type-variable"},"_links":{"self":[{"href":"https:\/\/laatuvalo.fi\/en\/wp-json\/wp\/v2\/product\/6792","targetHints":{"allow":["GET"]}}],"collection":[{"href":"https:\/\/laatuvalo.fi\/en\/wp-json\/wp\/v2\/product"}],"about":[{"href":"https:\/\/laatuvalo.fi\/en\/wp-json\/wp\/v2\/types\/product"}],"version-history":[{"count":0,"href":"https:\/\/laatuvalo.fi\/en\/wp-json\/wp\/v2\/product\/6792\/revisions"}],"wp:featuredmedia":[{"embeddable":true,"href":"https:\/\/laatuvalo.fi\/en\/wp-json\/wp\/v2\/media\/19503"}],"wp:attachment":[{"href":"https:\/\/laatuvalo.fi\/en\/wp-json\/wp\/v2\/media?parent=6792"}],"wp:term":[{"taxonomy":"product_brand","embeddable":true,"href":"https:\/\/laatuvalo.fi\/en\/wp-json\/wp\/v2\/product_brand?post=6792"},{"taxonomy":"product_cat","embeddable":true,"href":"https:\/\/laatuvalo.fi\/en\/wp-json\/wp\/v2\/product_cat?post=6792"},{"taxonomy":"product_tag","embeddable":true,"href":"https:\/\/laatuvalo.fi\/en\/wp-json\/wp\/v2\/product_tag?post=6792"},{"taxonomy":"tarvikkeet_name","embeddable":true,"href":"https:\/\/laatuvalo.fi\/en\/wp-json\/wp\/v2\/tarvikkeet_name?post=6792"},{"taxonomy":"brand_product","embeddable":true,"href":"https:\/\/laatuvalo.fi\/en\/wp-json\/wp\/v2\/brand_product?post=6792"}],"curies":[{"name":"wp","href":"https:\/\/api.w.org\/{rel}","templated":true}]}}