{"id":6822,"date":"2021-09-15T13:50:39","date_gmt":"2021-09-15T11:50:39","guid":{"rendered":"https:\/\/laatuvalo.fi\/product\/lacre\/"},"modified":"2023-04-25T12:18:59","modified_gmt":"2023-04-25T10:18:59","slug":"lacre","status":"publish","type":"product","link":"https:\/\/laatuvalo.fi\/en\/product\/lacre\/","title":{"rendered":"LACRE"},"content":{"rendered":"<p>Moderni LED-sein\u00e4valaisin ulkovalaistukseen, joka heijastaa l\u00e4mpim\u00e4n valons\u00e4teen yl\u00e4- ja alapuolelle. Sertifioitu IP54 valaisin antaa korkean suojan sateelta ja rakeilta.<\/p>","protected":false},"excerpt":{"rendered":"<p>TUMMANHARMAA SEIN\u00c4VALAISIN VAIHTOPOLTTIMOLLA ULKOK\u00c4YTT\u00d6\u00d6N<\/p>","protected":false},"featured_media":12311,"template":"","meta":{"iawp_total_views":2},"product_brand":[],"product_cat":[268],"product_tag":[166],"tarvikkeet_name":[],"brand_product":[230],"class_list":{"0":"post-6822","1":"product","2":"type-product","3":"status-publish","4":"has-post-thumbnail","6":"product_cat-seinavalaisin","7":"product_tag-wall-lamp","8":"brand_product-faro-barcelona","10":"first","11":"instock","12":"taxable","13":"shipping-taxable","14":"purchasable","15":"product-type-simple"},"_links":{"self":[{"href":"https:\/\/laatuvalo.fi\/en\/wp-json\/wp\/v2\/product\/6822","targetHints":{"allow":["GET"]}}],"collection":[{"href":"https:\/\/laatuvalo.fi\/en\/wp-json\/wp\/v2\/product"}],"about":[{"href":"https:\/\/laatuvalo.fi\/en\/wp-json\/wp\/v2\/types\/product"}],"version-history":[{"count":0,"href":"https:\/\/laatuvalo.fi\/en\/wp-json\/wp\/v2\/product\/6822\/revisions"}],"wp:featuredmedia":[{"embeddable":true,"href":"https:\/\/laatuvalo.fi\/en\/wp-json\/wp\/v2\/media\/12311"}],"wp:attachment":[{"href":"https:\/\/laatuvalo.fi\/en\/wp-json\/wp\/v2\/media?parent=6822"}],"wp:term":[{"taxonomy":"product_brand","embeddable":true,"href":"https:\/\/laatuvalo.fi\/en\/wp-json\/wp\/v2\/product_brand?post=6822"},{"taxonomy":"product_cat","embeddable":true,"href":"https:\/\/laatuvalo.fi\/en\/wp-json\/wp\/v2\/product_cat?post=6822"},{"taxonomy":"product_tag","embeddable":true,"href":"https:\/\/laatuvalo.fi\/en\/wp-json\/wp\/v2\/product_tag?post=6822"},{"taxonomy":"tarvikkeet_name","embeddable":true,"href":"https:\/\/laatuvalo.fi\/en\/wp-json\/wp\/v2\/tarvikkeet_name?post=6822"},{"taxonomy":"brand_product","embeddable":true,"href":"https:\/\/laatuvalo.fi\/en\/wp-json\/wp\/v2\/brand_product?post=6822"}],"curies":[{"name":"wp","href":"https:\/\/api.w.org\/{rel}","templated":true}]}}