{"id":6842,"date":"2021-09-15T13:50:42","date_gmt":"2021-09-15T11:50:42","guid":{"rendered":"https:\/\/laatuvalo.fi\/product\/lao-7\/"},"modified":"2023-04-25T12:37:59","modified_gmt":"2023-04-25T10:37:59","slug":"lao-lattiavalaisin","status":"publish","type":"product","link":"https:\/\/laatuvalo.fi\/en\/product\/lao-lattiavalaisin\/","title":{"rendered":"LAO FLOOR LAMP"},"content":{"rendered":"<p>T\u00e4m\u00e4n siron lattiavalaisimen yksikertaisen mutta elegantin ulkon\u00e4\u00f6n ansiosta sopii loistavasti valaisemaan makuuhuoneita ja olohuoneita sek\u00e4 kodissa ett\u00e4 hotellissa. T\u00e4ydellinen lukuvalo joka voidaan siirt\u00e4\u00e4 juuri sinne miss\u00e4 sit\u00e4 tarvitaan.<\/p>","protected":false},"excerpt":{"rendered":"<p>LATTIAVALAISIN LED TEKNIIKALLA 3000K<\/p>","protected":false},"featured_media":9609,"template":"","meta":{"iawp_total_views":15},"product_brand":[],"product_cat":[255],"product_tag":[167],"tarvikkeet_name":[],"brand_product":[230],"class_list":{"0":"post-6842","1":"product","2":"type-product","3":"status-publish","4":"has-post-thumbnail","6":"product_cat-lattiavalaisin","7":"product_tag-table-and-floor-lamps","8":"brand_product-faro-barcelona","10":"first","11":"instock","12":"taxable","13":"shipping-taxable","14":"purchasable","15":"product-type-simple"},"_links":{"self":[{"href":"https:\/\/laatuvalo.fi\/en\/wp-json\/wp\/v2\/product\/6842","targetHints":{"allow":["GET"]}}],"collection":[{"href":"https:\/\/laatuvalo.fi\/en\/wp-json\/wp\/v2\/product"}],"about":[{"href":"https:\/\/laatuvalo.fi\/en\/wp-json\/wp\/v2\/types\/product"}],"version-history":[{"count":0,"href":"https:\/\/laatuvalo.fi\/en\/wp-json\/wp\/v2\/product\/6842\/revisions"}],"wp:featuredmedia":[{"embeddable":true,"href":"https:\/\/laatuvalo.fi\/en\/wp-json\/wp\/v2\/media\/9609"}],"wp:attachment":[{"href":"https:\/\/laatuvalo.fi\/en\/wp-json\/wp\/v2\/media?parent=6842"}],"wp:term":[{"taxonomy":"product_brand","embeddable":true,"href":"https:\/\/laatuvalo.fi\/en\/wp-json\/wp\/v2\/product_brand?post=6842"},{"taxonomy":"product_cat","embeddable":true,"href":"https:\/\/laatuvalo.fi\/en\/wp-json\/wp\/v2\/product_cat?post=6842"},{"taxonomy":"product_tag","embeddable":true,"href":"https:\/\/laatuvalo.fi\/en\/wp-json\/wp\/v2\/product_tag?post=6842"},{"taxonomy":"tarvikkeet_name","embeddable":true,"href":"https:\/\/laatuvalo.fi\/en\/wp-json\/wp\/v2\/tarvikkeet_name?post=6842"},{"taxonomy":"brand_product","embeddable":true,"href":"https:\/\/laatuvalo.fi\/en\/wp-json\/wp\/v2\/brand_product?post=6842"}],"curies":[{"name":"wp","href":"https:\/\/api.w.org\/{rel}","templated":true}]}}