{"id":6846,"date":"2021-09-15T13:50:42","date_gmt":"2021-09-15T11:50:42","guid":{"rendered":"https:\/\/laatuvalo.fi\/product\/lao-11\/"},"modified":"2023-04-25T12:36:15","modified_gmt":"2023-04-25T10:36:15","slug":"lao","status":"publish","type":"product","link":"https:\/\/laatuvalo.fi\/en\/product\/lao\/","title":{"rendered":"LAO"},"content":{"rendered":"<p>LAO\u00a0 on tyylik\u00e4s minimalistinen ja eritt\u00e4in k\u00e4yt\u00e4nn\u00f6llinen sein\u00e4valaisin, malli on saatavilla yhdell\u00e4, kahdella tai kolmella valonl\u00e4hteell\u00e4. T\u00e4m\u00e4 pieni mutta tehokas lukuvalo tuo ihanaa tunnelmaa antamalla pehme\u00e4\u00e4 hajavaloa opaali heijastimen avulla.\u00a0 LAO sein\u00e4valaisin mukautuu ihanteellisesti jokaiseen makuhuonesisustukseen sek\u00e4 kodissa ett\u00e4 hotellissa.<\/p>","protected":false},"excerpt":{"rendered":"<p>VALKOINEN TAI MUSTA SEIN\u00c4VALAISIN 1,2,3 VALONL\u00c4HTEELL\u00c4<\/p>","protected":false},"featured_media":19565,"template":"","meta":{"iawp_total_views":3},"product_brand":[],"product_cat":[266,268],"product_tag":[166],"tarvikkeet_name":[],"brand_product":[230],"class_list":{"0":"post-6846","1":"product","2":"type-product","3":"status-publish","4":"has-post-thumbnail","6":"product_cat-kohdevalaisin","7":"product_cat-seinavalaisin","8":"product_tag-wall-lamp","9":"brand_product-faro-barcelona","11":"first","12":"instock","13":"taxable","14":"shipping-taxable","15":"purchasable","16":"product-type-variable"},"_links":{"self":[{"href":"https:\/\/laatuvalo.fi\/en\/wp-json\/wp\/v2\/product\/6846","targetHints":{"allow":["GET"]}}],"collection":[{"href":"https:\/\/laatuvalo.fi\/en\/wp-json\/wp\/v2\/product"}],"about":[{"href":"https:\/\/laatuvalo.fi\/en\/wp-json\/wp\/v2\/types\/product"}],"version-history":[{"count":0,"href":"https:\/\/laatuvalo.fi\/en\/wp-json\/wp\/v2\/product\/6846\/revisions"}],"wp:featuredmedia":[{"embeddable":true,"href":"https:\/\/laatuvalo.fi\/en\/wp-json\/wp\/v2\/media\/19565"}],"wp:attachment":[{"href":"https:\/\/laatuvalo.fi\/en\/wp-json\/wp\/v2\/media?parent=6846"}],"wp:term":[{"taxonomy":"product_brand","embeddable":true,"href":"https:\/\/laatuvalo.fi\/en\/wp-json\/wp\/v2\/product_brand?post=6846"},{"taxonomy":"product_cat","embeddable":true,"href":"https:\/\/laatuvalo.fi\/en\/wp-json\/wp\/v2\/product_cat?post=6846"},{"taxonomy":"product_tag","embeddable":true,"href":"https:\/\/laatuvalo.fi\/en\/wp-json\/wp\/v2\/product_tag?post=6846"},{"taxonomy":"tarvikkeet_name","embeddable":true,"href":"https:\/\/laatuvalo.fi\/en\/wp-json\/wp\/v2\/tarvikkeet_name?post=6846"},{"taxonomy":"brand_product","embeddable":true,"href":"https:\/\/laatuvalo.fi\/en\/wp-json\/wp\/v2\/brand_product?post=6846"}],"curies":[{"name":"wp","href":"https:\/\/api.w.org\/{rel}","templated":true}]}}