{"id":6852,"date":"2021-09-15T13:50:43","date_gmt":"2021-09-15T11:50:43","guid":{"rendered":"https:\/\/laatuvalo.fi\/product\/le-petit-2\/"},"modified":"2023-04-25T12:42:26","modified_gmt":"2023-04-25T10:42:26","slug":"le-petit","status":"publish","type":"product","link":"https:\/\/laatuvalo.fi\/en\/product\/le-petit\/","title":{"rendered":"LE PETIT"},"content":{"rendered":"<p>Sarjassa on sen halutun klassinen tyyli, joka sopii moniin tunnelmiin. Kullan, pronssin, mustan tai valkoisen v\u00e4risen\u00e4 saatavilla sein\u00e4valaisin sopii t\u00e4ydellisesti modernin makuuhuoneen valaistukseen, siin\u00e4 on k\u00e4yt\u00e4nn\u00f6llinen lukuvalo integroitu runkoon, varjostimen alla. LE PETIT on ajaton ja tyylik\u00e4s valinta my\u00f6s hotellivalaistukseen.<\/p>","protected":false},"excerpt":{"rendered":"<p>LED SEIN\u00c4VALAISIN NELJ\u00c4SS\u00c4 ERI V\u00c4RISS\u00c4 3000K<\/p>","protected":false},"featured_media":19585,"template":"","meta":{"iawp_total_views":11},"product_brand":[],"product_cat":[268],"product_tag":[166],"tarvikkeet_name":[],"brand_product":[230],"class_list":{"0":"post-6852","1":"product","2":"type-product","3":"status-publish","4":"has-post-thumbnail","6":"product_cat-seinavalaisin","7":"product_tag-wall-lamp","8":"brand_product-faro-barcelona","10":"first","11":"instock","12":"taxable","13":"shipping-taxable","14":"purchasable","15":"product-type-variable"},"_links":{"self":[{"href":"https:\/\/laatuvalo.fi\/en\/wp-json\/wp\/v2\/product\/6852","targetHints":{"allow":["GET"]}}],"collection":[{"href":"https:\/\/laatuvalo.fi\/en\/wp-json\/wp\/v2\/product"}],"about":[{"href":"https:\/\/laatuvalo.fi\/en\/wp-json\/wp\/v2\/types\/product"}],"version-history":[{"count":0,"href":"https:\/\/laatuvalo.fi\/en\/wp-json\/wp\/v2\/product\/6852\/revisions"}],"wp:featuredmedia":[{"embeddable":true,"href":"https:\/\/laatuvalo.fi\/en\/wp-json\/wp\/v2\/media\/19585"}],"wp:attachment":[{"href":"https:\/\/laatuvalo.fi\/en\/wp-json\/wp\/v2\/media?parent=6852"}],"wp:term":[{"taxonomy":"product_brand","embeddable":true,"href":"https:\/\/laatuvalo.fi\/en\/wp-json\/wp\/v2\/product_brand?post=6852"},{"taxonomy":"product_cat","embeddable":true,"href":"https:\/\/laatuvalo.fi\/en\/wp-json\/wp\/v2\/product_cat?post=6852"},{"taxonomy":"product_tag","embeddable":true,"href":"https:\/\/laatuvalo.fi\/en\/wp-json\/wp\/v2\/product_tag?post=6852"},{"taxonomy":"tarvikkeet_name","embeddable":true,"href":"https:\/\/laatuvalo.fi\/en\/wp-json\/wp\/v2\/tarvikkeet_name?post=6852"},{"taxonomy":"brand_product","embeddable":true,"href":"https:\/\/laatuvalo.fi\/en\/wp-json\/wp\/v2\/brand_product?post=6852"}],"curies":[{"name":"wp","href":"https:\/\/api.w.org\/{rel}","templated":true}]}}