{"id":6868,"date":"2021-09-15T13:50:46","date_gmt":"2021-09-15T11:50:46","guid":{"rendered":"https:\/\/laatuvalo.fi\/product\/levita-4\/"},"modified":"2023-04-25T12:56:42","modified_gmt":"2023-04-25T10:56:42","slug":"levita-pendant-floor","status":"publish","type":"product","link":"https:\/\/laatuvalo.fi\/en\/product\/levita-pendant-floor\/","title":{"rendered":"LE VITA PENDANT\/FLOOR"},"content":{"rendered":"<p>LE VITA on sarja elegantisti muotoilluista valaisimista (tutustu my\u00f6s lattia- ja sein\u00e4malleihin).\u00a0 Valaisin kiinnitet\u00e4\u00e4n kattoon ja lattia painon ansiosta se pysyy paikallaan. T\u00e4ss\u00e4 mallissa on jalkakytkin.\u00a0Tyylikk\u00e4\u00e4n muodon lis\u00e4ksi se on eritt\u00e4in helppok\u00e4ytt\u00f6inen, valonkorkeutta voidaan s\u00e4\u00e4t\u00e4\u00e4. LE VITA tuo lis\u00e4\u00e4 arvokuutta jokaiseen tilaan, se kiinnitt\u00e4\u00e4 huomiota niin kuin aito valotaideteos.<\/p>","protected":false},"excerpt":{"rendered":"<p>RIIPPU\/LATTIAVALAISIN LED TEKNIIKKALLA 2700K<\/p>","protected":false},"featured_media":9661,"template":"","meta":{"iawp_total_views":3},"product_brand":[],"product_cat":[253],"product_tag":[167],"tarvikkeet_name":[],"brand_product":[230],"class_list":{"0":"post-6868","1":"product","2":"type-product","3":"status-publish","4":"has-post-thumbnail","6":"product_cat-riippuvalaisin","7":"product_tag-table-and-floor-lamps","8":"brand_product-faro-barcelona","10":"first","11":"instock","12":"taxable","13":"shipping-taxable","14":"purchasable","15":"product-type-variable"},"_links":{"self":[{"href":"https:\/\/laatuvalo.fi\/en\/wp-json\/wp\/v2\/product\/6868","targetHints":{"allow":["GET"]}}],"collection":[{"href":"https:\/\/laatuvalo.fi\/en\/wp-json\/wp\/v2\/product"}],"about":[{"href":"https:\/\/laatuvalo.fi\/en\/wp-json\/wp\/v2\/types\/product"}],"version-history":[{"count":0,"href":"https:\/\/laatuvalo.fi\/en\/wp-json\/wp\/v2\/product\/6868\/revisions"}],"wp:featuredmedia":[{"embeddable":true,"href":"https:\/\/laatuvalo.fi\/en\/wp-json\/wp\/v2\/media\/9661"}],"wp:attachment":[{"href":"https:\/\/laatuvalo.fi\/en\/wp-json\/wp\/v2\/media?parent=6868"}],"wp:term":[{"taxonomy":"product_brand","embeddable":true,"href":"https:\/\/laatuvalo.fi\/en\/wp-json\/wp\/v2\/product_brand?post=6868"},{"taxonomy":"product_cat","embeddable":true,"href":"https:\/\/laatuvalo.fi\/en\/wp-json\/wp\/v2\/product_cat?post=6868"},{"taxonomy":"product_tag","embeddable":true,"href":"https:\/\/laatuvalo.fi\/en\/wp-json\/wp\/v2\/product_tag?post=6868"},{"taxonomy":"tarvikkeet_name","embeddable":true,"href":"https:\/\/laatuvalo.fi\/en\/wp-json\/wp\/v2\/tarvikkeet_name?post=6868"},{"taxonomy":"brand_product","embeddable":true,"href":"https:\/\/laatuvalo.fi\/en\/wp-json\/wp\/v2\/brand_product?post=6868"}],"curies":[{"name":"wp","href":"https:\/\/api.w.org\/{rel}","templated":true}]}}