{"id":6870,"date":"2021-09-15T13:50:46","date_gmt":"2021-09-15T11:50:46","guid":{"rendered":"https:\/\/laatuvalo.fi\/product\/levita-6\/"},"modified":"2023-04-25T12:49:26","modified_gmt":"2023-04-25T10:49:26","slug":"levita-lattiavalaisin","status":"publish","type":"product","link":"https:\/\/laatuvalo.fi\/en\/product\/levita-lattiavalaisin\/","title":{"rendered":"LE VITA FLOOR LAMP"},"content":{"rendered":"<p>LE VITA on sarja elegantisti muotoilluista valaisimista (tutustu my\u00f6s p\u00f6yt\u00e4- ja roikkuviin malleihin). Tyylikk\u00e4\u00e4n muodon lis\u00e4ksi se on eritt\u00e4in helppok\u00e4ytt\u00f6inen, sit\u00e4 kytket\u00e4\u00e4n p\u00e4\u00e4lle\/pois p\u00e4\u00e4lt\u00e4 \u2019\u2019Touch Lamp\u2019\u2019 &#8211; j\u00e4rjestelm\u00e4n avulla, joka sijaitsee rungon p\u00e4\u00e4dyss\u00e4. Valon voimakkuutta voidaan my\u00f6s s\u00e4\u00e4t\u00e4\u00e4 kosketuksella. LE VITA tuo lis\u00e4\u00e4 arvokuutta jokaiseen tilaan, se kiinnitt\u00e4\u00e4 huomiota niin kuin aito valotaideteos.<\/p>","protected":false},"excerpt":{"rendered":"<p>LE VITA LED LATTIAVALAISIN\u00a0 2700K<\/p>","protected":false},"featured_media":19598,"template":"","meta":{"iawp_total_views":6},"product_brand":[],"product_cat":[255],"product_tag":[167],"tarvikkeet_name":[],"brand_product":[230],"class_list":{"0":"post-6870","1":"product","2":"type-product","3":"status-publish","4":"has-post-thumbnail","6":"product_cat-lattiavalaisin","7":"product_tag-table-and-floor-lamps","8":"brand_product-faro-barcelona","10":"first","11":"instock","12":"taxable","13":"shipping-taxable","14":"purchasable","15":"product-type-variable"},"_links":{"self":[{"href":"https:\/\/laatuvalo.fi\/en\/wp-json\/wp\/v2\/product\/6870","targetHints":{"allow":["GET"]}}],"collection":[{"href":"https:\/\/laatuvalo.fi\/en\/wp-json\/wp\/v2\/product"}],"about":[{"href":"https:\/\/laatuvalo.fi\/en\/wp-json\/wp\/v2\/types\/product"}],"version-history":[{"count":0,"href":"https:\/\/laatuvalo.fi\/en\/wp-json\/wp\/v2\/product\/6870\/revisions"}],"wp:featuredmedia":[{"embeddable":true,"href":"https:\/\/laatuvalo.fi\/en\/wp-json\/wp\/v2\/media\/19598"}],"wp:attachment":[{"href":"https:\/\/laatuvalo.fi\/en\/wp-json\/wp\/v2\/media?parent=6870"}],"wp:term":[{"taxonomy":"product_brand","embeddable":true,"href":"https:\/\/laatuvalo.fi\/en\/wp-json\/wp\/v2\/product_brand?post=6870"},{"taxonomy":"product_cat","embeddable":true,"href":"https:\/\/laatuvalo.fi\/en\/wp-json\/wp\/v2\/product_cat?post=6870"},{"taxonomy":"product_tag","embeddable":true,"href":"https:\/\/laatuvalo.fi\/en\/wp-json\/wp\/v2\/product_tag?post=6870"},{"taxonomy":"tarvikkeet_name","embeddable":true,"href":"https:\/\/laatuvalo.fi\/en\/wp-json\/wp\/v2\/tarvikkeet_name?post=6870"},{"taxonomy":"brand_product","embeddable":true,"href":"https:\/\/laatuvalo.fi\/en\/wp-json\/wp\/v2\/brand_product?post=6870"}],"curies":[{"name":"wp","href":"https:\/\/api.w.org\/{rel}","templated":true}]}}