{"id":6873,"date":"2021-09-15T13:50:46","date_gmt":"2021-09-15T11:50:46","guid":{"rendered":"https:\/\/laatuvalo.fi\/product\/levita-9\/"},"modified":"2023-04-25T13:00:57","modified_gmt":"2023-04-25T11:00:57","slug":"levita-wall","status":"publish","type":"product","link":"https:\/\/laatuvalo.fi\/en\/product\/levita-wall\/","title":{"rendered":"LE VITA WALL LIGHT"},"content":{"rendered":"<p>LE VITA on sarja elegantisti muotoilluista valaisimista (tutustu my\u00f6s lattia- ja roikkuviin malleihin). LE VITA tuo lis\u00e4\u00e4 arvokuutta jokaiseen tilaan, se kiinnitt\u00e4\u00e4 huomiota niin kuin aito valotaideteos.<\/p>","protected":false},"excerpt":{"rendered":"<p>SEIN\u00c4VALAISIN LED TEKNIIKKALLA 2700K<\/p>","protected":false},"featured_media":19624,"template":"","meta":{"iawp_total_views":1},"product_brand":[],"product_cat":[268],"product_tag":[166],"tarvikkeet_name":[],"brand_product":[230],"class_list":{"0":"post-6873","1":"product","2":"type-product","3":"status-publish","4":"has-post-thumbnail","6":"product_cat-seinavalaisin","7":"product_tag-wall-lamp","8":"brand_product-faro-barcelona","10":"first","11":"instock","12":"taxable","13":"shipping-taxable","14":"purchasable","15":"product-type-variable"},"_links":{"self":[{"href":"https:\/\/laatuvalo.fi\/en\/wp-json\/wp\/v2\/product\/6873","targetHints":{"allow":["GET"]}}],"collection":[{"href":"https:\/\/laatuvalo.fi\/en\/wp-json\/wp\/v2\/product"}],"about":[{"href":"https:\/\/laatuvalo.fi\/en\/wp-json\/wp\/v2\/types\/product"}],"version-history":[{"count":0,"href":"https:\/\/laatuvalo.fi\/en\/wp-json\/wp\/v2\/product\/6873\/revisions"}],"wp:featuredmedia":[{"embeddable":true,"href":"https:\/\/laatuvalo.fi\/en\/wp-json\/wp\/v2\/media\/19624"}],"wp:attachment":[{"href":"https:\/\/laatuvalo.fi\/en\/wp-json\/wp\/v2\/media?parent=6873"}],"wp:term":[{"taxonomy":"product_brand","embeddable":true,"href":"https:\/\/laatuvalo.fi\/en\/wp-json\/wp\/v2\/product_brand?post=6873"},{"taxonomy":"product_cat","embeddable":true,"href":"https:\/\/laatuvalo.fi\/en\/wp-json\/wp\/v2\/product_cat?post=6873"},{"taxonomy":"product_tag","embeddable":true,"href":"https:\/\/laatuvalo.fi\/en\/wp-json\/wp\/v2\/product_tag?post=6873"},{"taxonomy":"tarvikkeet_name","embeddable":true,"href":"https:\/\/laatuvalo.fi\/en\/wp-json\/wp\/v2\/tarvikkeet_name?post=6873"},{"taxonomy":"brand_product","embeddable":true,"href":"https:\/\/laatuvalo.fi\/en\/wp-json\/wp\/v2\/brand_product?post=6873"}],"curies":[{"name":"wp","href":"https:\/\/api.w.org\/{rel}","templated":true}]}}