{"id":6878,"date":"2021-09-15T13:50:47","date_gmt":"2021-09-15T11:50:47","guid":{"rendered":"https:\/\/laatuvalo.fi\/product\/linda-3\/"},"modified":"2023-04-25T13:09:13","modified_gmt":"2023-04-25T11:09:13","slug":"linda-seinavalaisin","status":"publish","type":"product","link":"https:\/\/laatuvalo.fi\/en\/product\/linda-seinavalaisin\/","title":{"rendered":"LINDA WALL LAMP"},"content":{"rendered":"<p>LINDA on design-valaisinsarja johon kuuluu tyylikk\u00e4\u00e4t lattia-, sein\u00e4-, p\u00f6yt\u00e4-, ja riippuvalaisimia.\u00a0 Sen klassisen tyylin takia, valaisin sopii moniin tunnelmiin. Valaisimen raidallinen runko, joka on saatavilla joko mustana tai valkoisena tekee valaisimesta keve\u00e4n ja ilmavan sisustuselementin, joka tuo lis\u00e4\u00e4 arvokkuutta jokaiseen tilaan. LINDA on ajaton ja tyylik\u00e4s valinta my\u00f6s hotellivalaistukseen. Varjostimen kankaan v\u00e4ri t\u00e4ss\u00e4 mallissa on beige.<\/p>","protected":false},"excerpt":{"rendered":"<p style=\"text-align: left;\">SEIN\u00c4VALAISIN VAIHTOPOLTTIMOLLA<\/p>","protected":false},"featured_media":19658,"template":"","meta":{"iawp_total_views":0},"product_brand":[],"product_cat":[268],"product_tag":[166],"tarvikkeet_name":[],"brand_product":[230],"class_list":{"0":"post-6878","1":"product","2":"type-product","3":"status-publish","4":"has-post-thumbnail","6":"product_cat-seinavalaisin","7":"product_tag-wall-lamp","8":"brand_product-faro-barcelona","10":"first","11":"instock","12":"taxable","13":"shipping-taxable","14":"purchasable","15":"product-type-variable"},"_links":{"self":[{"href":"https:\/\/laatuvalo.fi\/en\/wp-json\/wp\/v2\/product\/6878","targetHints":{"allow":["GET"]}}],"collection":[{"href":"https:\/\/laatuvalo.fi\/en\/wp-json\/wp\/v2\/product"}],"about":[{"href":"https:\/\/laatuvalo.fi\/en\/wp-json\/wp\/v2\/types\/product"}],"version-history":[{"count":0,"href":"https:\/\/laatuvalo.fi\/en\/wp-json\/wp\/v2\/product\/6878\/revisions"}],"wp:featuredmedia":[{"embeddable":true,"href":"https:\/\/laatuvalo.fi\/en\/wp-json\/wp\/v2\/media\/19658"}],"wp:attachment":[{"href":"https:\/\/laatuvalo.fi\/en\/wp-json\/wp\/v2\/media?parent=6878"}],"wp:term":[{"taxonomy":"product_brand","embeddable":true,"href":"https:\/\/laatuvalo.fi\/en\/wp-json\/wp\/v2\/product_brand?post=6878"},{"taxonomy":"product_cat","embeddable":true,"href":"https:\/\/laatuvalo.fi\/en\/wp-json\/wp\/v2\/product_cat?post=6878"},{"taxonomy":"product_tag","embeddable":true,"href":"https:\/\/laatuvalo.fi\/en\/wp-json\/wp\/v2\/product_tag?post=6878"},{"taxonomy":"tarvikkeet_name","embeddable":true,"href":"https:\/\/laatuvalo.fi\/en\/wp-json\/wp\/v2\/tarvikkeet_name?post=6878"},{"taxonomy":"brand_product","embeddable":true,"href":"https:\/\/laatuvalo.fi\/en\/wp-json\/wp\/v2\/brand_product?post=6878"}],"curies":[{"name":"wp","href":"https:\/\/api.w.org\/{rel}","templated":true}]}}