{"id":6929,"date":"2021-09-15T13:50:54","date_gmt":"2021-09-15T11:50:54","guid":{"rendered":"https:\/\/laatuvalo.fi\/product\/loop\/"},"modified":"2023-04-25T13:17:59","modified_gmt":"2023-04-25T11:17:59","slug":"loop1","status":"publish","type":"product","link":"https:\/\/laatuvalo.fi\/en\/product\/loop1\/","title":{"rendered":"LOOP 1"},"content":{"rendered":"<p>LOOP on Estudi Ribaud\u00edn suunnittelema design sarja, johon kuuluu tyylikk\u00e4\u00e4t lattia-, sein\u00e4-, p\u00f6yt\u00e4-, ja riippuvalaisimet. Puinen varjostin tuo kodikasta l\u00e4mmint\u00e4 tunnelmaa. Tutustu my\u00f6s varrelliseen sein\u00e4valaisimeen LOOP 2 joka mahdollistaa valopisteen siirt\u00e4misen ja mukauttamisen erilaisiin tarpeisiin. Valonl\u00e4hde on himmennett\u00e4viss\u00e4 TOUCH DIM kautta.<\/p>","protected":false},"excerpt":{"rendered":"<p>LED-VALAISIN TOUCH DIM OMINAISUUDELLA<\/p>","protected":false},"featured_media":19680,"template":"","meta":{"iawp_total_views":0},"product_brand":[],"product_cat":[268],"product_tag":[166],"tarvikkeet_name":[],"brand_product":[230],"class_list":{"0":"post-6929","1":"product","2":"type-product","3":"status-publish","4":"has-post-thumbnail","6":"product_cat-seinavalaisin","7":"product_tag-wall-lamp","8":"brand_product-faro-barcelona","10":"first","11":"instock","12":"taxable","13":"shipping-taxable","14":"purchasable","15":"product-type-variable"},"_links":{"self":[{"href":"https:\/\/laatuvalo.fi\/en\/wp-json\/wp\/v2\/product\/6929","targetHints":{"allow":["GET"]}}],"collection":[{"href":"https:\/\/laatuvalo.fi\/en\/wp-json\/wp\/v2\/product"}],"about":[{"href":"https:\/\/laatuvalo.fi\/en\/wp-json\/wp\/v2\/types\/product"}],"version-history":[{"count":0,"href":"https:\/\/laatuvalo.fi\/en\/wp-json\/wp\/v2\/product\/6929\/revisions"}],"wp:featuredmedia":[{"embeddable":true,"href":"https:\/\/laatuvalo.fi\/en\/wp-json\/wp\/v2\/media\/19680"}],"wp:attachment":[{"href":"https:\/\/laatuvalo.fi\/en\/wp-json\/wp\/v2\/media?parent=6929"}],"wp:term":[{"taxonomy":"product_brand","embeddable":true,"href":"https:\/\/laatuvalo.fi\/en\/wp-json\/wp\/v2\/product_brand?post=6929"},{"taxonomy":"product_cat","embeddable":true,"href":"https:\/\/laatuvalo.fi\/en\/wp-json\/wp\/v2\/product_cat?post=6929"},{"taxonomy":"product_tag","embeddable":true,"href":"https:\/\/laatuvalo.fi\/en\/wp-json\/wp\/v2\/product_tag?post=6929"},{"taxonomy":"tarvikkeet_name","embeddable":true,"href":"https:\/\/laatuvalo.fi\/en\/wp-json\/wp\/v2\/tarvikkeet_name?post=6929"},{"taxonomy":"brand_product","embeddable":true,"href":"https:\/\/laatuvalo.fi\/en\/wp-json\/wp\/v2\/brand_product?post=6929"}],"curies":[{"name":"wp","href":"https:\/\/api.w.org\/{rel}","templated":true}]}}