{"id":6943,"date":"2021-09-15T13:50:56","date_gmt":"2021-09-15T11:50:56","guid":{"rendered":"https:\/\/laatuvalo.fi\/product\/lotus-2\/"},"modified":"2023-04-25T13:33:39","modified_gmt":"2023-04-25T11:33:39","slug":"lotus-seinavalaisin","status":"publish","type":"product","link":"https:\/\/laatuvalo.fi\/en\/product\/lotus-seinavalaisin\/","title":{"rendered":"LOTUS WALL LAMP"},"content":{"rendered":"<p>LOTUS on Estudi Ribaud\u00edn suunnittelema moderni sein\u00e4valaisin ulkovalaistukseen, joka on saanut inspiraationsa lootuksen kukan lehdist\u00e4. T\u00e4m\u00e4 design valaisin soveltuu erinomaisesti julkisivujen ja kulkuv\u00e4ylien valaistukseen. Sertifioitu IP65 valaisin antaa my\u00f6s korkean suojan sateelta ja rakeilta. LOTUS-mallisto on palkittu IFDesign Award -palkinnolla, joka osoittaa sit\u00e4, ett\u00e4 valaisin on saanut paljon huomiota ja arvostusta muotoilunsa ja innovaatioratkaisunsa takia.<\/p>","protected":false},"excerpt":{"rendered":"<p>LED SEIN\u00c4VALAISIN ULKOK\u00c4YTT\u00d6\u00d6N IP 65<\/p>","protected":false},"featured_media":19709,"template":"","meta":{"iawp_total_views":27},"product_brand":[],"product_cat":[268],"product_tag":[166],"tarvikkeet_name":[],"brand_product":[230],"class_list":{"0":"post-6943","1":"product","2":"type-product","3":"status-publish","4":"has-post-thumbnail","6":"product_cat-seinavalaisin","7":"product_tag-wall-lamp","8":"brand_product-faro-barcelona","10":"first","11":"instock","12":"taxable","13":"shipping-taxable","14":"purchasable","15":"product-type-variable"},"_links":{"self":[{"href":"https:\/\/laatuvalo.fi\/en\/wp-json\/wp\/v2\/product\/6943","targetHints":{"allow":["GET"]}}],"collection":[{"href":"https:\/\/laatuvalo.fi\/en\/wp-json\/wp\/v2\/product"}],"about":[{"href":"https:\/\/laatuvalo.fi\/en\/wp-json\/wp\/v2\/types\/product"}],"version-history":[{"count":0,"href":"https:\/\/laatuvalo.fi\/en\/wp-json\/wp\/v2\/product\/6943\/revisions"}],"wp:featuredmedia":[{"embeddable":true,"href":"https:\/\/laatuvalo.fi\/en\/wp-json\/wp\/v2\/media\/19709"}],"wp:attachment":[{"href":"https:\/\/laatuvalo.fi\/en\/wp-json\/wp\/v2\/media?parent=6943"}],"wp:term":[{"taxonomy":"product_brand","embeddable":true,"href":"https:\/\/laatuvalo.fi\/en\/wp-json\/wp\/v2\/product_brand?post=6943"},{"taxonomy":"product_cat","embeddable":true,"href":"https:\/\/laatuvalo.fi\/en\/wp-json\/wp\/v2\/product_cat?post=6943"},{"taxonomy":"product_tag","embeddable":true,"href":"https:\/\/laatuvalo.fi\/en\/wp-json\/wp\/v2\/product_tag?post=6943"},{"taxonomy":"tarvikkeet_name","embeddable":true,"href":"https:\/\/laatuvalo.fi\/en\/wp-json\/wp\/v2\/tarvikkeet_name?post=6943"},{"taxonomy":"brand_product","embeddable":true,"href":"https:\/\/laatuvalo.fi\/en\/wp-json\/wp\/v2\/brand_product?post=6943"}],"curies":[{"name":"wp","href":"https:\/\/api.w.org\/{rel}","templated":true}]}}