{"id":6964,"date":"2021-09-15T13:50:59","date_gmt":"2021-09-15T11:50:59","guid":{"rendered":"https:\/\/laatuvalo.fi\/product\/magma-2\/"},"modified":"2023-04-25T13:41:41","modified_gmt":"2023-04-25T11:41:41","slug":"magma","status":"publish","type":"product","link":"https:\/\/laatuvalo.fi\/en\/product\/magma\/","title":{"rendered":"MAGMA"},"content":{"rendered":"<p>Kaunis lasikuidusta valmistettu riippuvalaisin 70cm halkaisijalla. Saatavilla kullan tai hopean v\u00e4risell\u00e4 sis\u00e4pinnalla. Ulkopinnan v\u00e4ri voi olla joko musta tai valkoinen. Tustustu eri vaihtoehtoihiin.<\/p>","protected":false},"excerpt":{"rendered":"<p>RIIPPUVALAISIN VAIHTOPOLTTIMOLLA.<br \/>\nKULLAN TAI HOPEAN V\u00c4RINEN SIS\u00c4PINTA.<\/p>","protected":false},"featured_media":19727,"template":"","meta":{"iawp_total_views":4},"product_brand":[],"product_cat":[253],"product_tag":[168],"tarvikkeet_name":[],"brand_product":[230],"class_list":{"0":"post-6964","1":"product","2":"type-product","3":"status-publish","4":"has-post-thumbnail","6":"product_cat-riippuvalaisin","7":"product_tag-pendant","8":"brand_product-faro-barcelona","10":"first","11":"instock","12":"taxable","13":"shipping-taxable","14":"purchasable","15":"product-type-variable"},"_links":{"self":[{"href":"https:\/\/laatuvalo.fi\/en\/wp-json\/wp\/v2\/product\/6964","targetHints":{"allow":["GET"]}}],"collection":[{"href":"https:\/\/laatuvalo.fi\/en\/wp-json\/wp\/v2\/product"}],"about":[{"href":"https:\/\/laatuvalo.fi\/en\/wp-json\/wp\/v2\/types\/product"}],"version-history":[{"count":0,"href":"https:\/\/laatuvalo.fi\/en\/wp-json\/wp\/v2\/product\/6964\/revisions"}],"wp:featuredmedia":[{"embeddable":true,"href":"https:\/\/laatuvalo.fi\/en\/wp-json\/wp\/v2\/media\/19727"}],"wp:attachment":[{"href":"https:\/\/laatuvalo.fi\/en\/wp-json\/wp\/v2\/media?parent=6964"}],"wp:term":[{"taxonomy":"product_brand","embeddable":true,"href":"https:\/\/laatuvalo.fi\/en\/wp-json\/wp\/v2\/product_brand?post=6964"},{"taxonomy":"product_cat","embeddable":true,"href":"https:\/\/laatuvalo.fi\/en\/wp-json\/wp\/v2\/product_cat?post=6964"},{"taxonomy":"product_tag","embeddable":true,"href":"https:\/\/laatuvalo.fi\/en\/wp-json\/wp\/v2\/product_tag?post=6964"},{"taxonomy":"tarvikkeet_name","embeddable":true,"href":"https:\/\/laatuvalo.fi\/en\/wp-json\/wp\/v2\/tarvikkeet_name?post=6964"},{"taxonomy":"brand_product","embeddable":true,"href":"https:\/\/laatuvalo.fi\/en\/wp-json\/wp\/v2\/brand_product?post=6964"}],"curies":[{"name":"wp","href":"https:\/\/api.w.org\/{rel}","templated":true}]}}